{"id":1230,"date":"2021-08-11T13:46:13","date_gmt":"2021-08-11T11:46:13","guid":{"rendered":"https:\/\/dentelli.hr\/?page_id=1230"},"modified":"2021-08-11T13:46:13","modified_gmt":"2021-08-11T11:46:13","slug":"parodontologia","status":"publish","type":"page","link":"https:\/\/dentelli.hr\/it\/servizi\/parodontologia\/","title":{"rendered":"Parodontologia"},"content":{"rendered":"<p>[vc_row css_animation=&#8221;&#8221; row_type=&#8221;row&#8221; use_row_as_full_screen_section=&#8221;no&#8221; type=&#8221;grid&#8221; angled_section=&#8221;no&#8221; text_align=&#8221;left&#8221; background_image_as_pattern=&#8221;without_pattern&#8221; z_index=&#8221;&#8221;][vc_column width=&#8221;1\/2&#8243;][vc_empty_space height=&#8221;48px&#8221;][vc_column_text]<\/p>\n<h1><span style=\"color: #edb51e;\">Parodontologia<\/span><\/h1>\n<p>[\/vc_column_text][vc_empty_space height=&#8221;24px&#8221;][vc_column_text]La parodontologia comprende la terapia della parodontite (infiammazione delle gengive), la chirurgia rigenerativa, la terapia di mantenimento, la copertura dei colletti dei denti scoperti (recessione) e la chirurgia plastica della gengiva.[\/vc_column_text][vc_empty_space height=&#8221;20px&#8221;][vc_column_text]<\/p>\n<h4>Curettage gengivale (scaling)<\/h4>\n<p>[\/vc_column_text][vc_empty_space height=&#8221;20px&#8221;][vc_column_text]Le radici dei denti vengono pulite dai depositi batterici e dai loro prodotti nocivi in \u200b\u200banestesia locale. Le formazioni batteriche sono cos\u00ec ben organizzate e protette nell&#8217;involucro (biofilm), che gli antibiotici dovrebbero essere 1000 volte pi\u00f9 intensamente concentrati per essere efficaci! Per questo motivo, devono essere rimosse fisicamente.<\/p>\n<p>Le tasche vengono pulite con una combinazione di strumenti manuali e cosiddetti strumenti sonori (sonici) in modo che la superficie della radice rimanga liscia.<\/p>\n<p>L&#8217;eliminazione dei depositi impedisce la distruzione dei tessuti e riduce la profondit\u00e0 della tasca. Nelle tasche poco profonde, le condizioni per la crescita dei batteri non sono cos\u00ec buone, il che si traduce in una migliore salute parodontale.[\/vc_column_text][vc_empty_space height=&#8221;20px&#8221;][vc_column_text]<\/p>\n<h4>Terapia chirurgica della parodontite<\/h4>\n<p>[\/vc_column_text][vc_empty_space height=&#8221;20px&#8221;][vc_column_text]Nella nostra clinica, tutte le procedure di chirurgia parodontale sono state eseguite con tecniche minimamente invasive dove i disagi postoperatori sono stati ridotti al minimo e i risultati sono stati ottimali.[\/vc_column_text][vc_empty_space height=&#8221;20px&#8221;][vc_column_text]<\/p>\n<h4>Chirurgia rigenerativa<\/h4>\n<p>[\/vc_column_text][vc_empty_space height=&#8221;20px&#8221;][vc_column_text]<\/p>\n<p>Oggi \u00e8 possibile la rigenerazione dei difetti ossei. La parodontite \u00e8 caratterizzata dalla distruzione dell&#8217;osso di supporto del dente, che pu\u00f2 essere uniforme oppure sono presenti difetti &#8211; crateri. I difetti ossei a forma di cratere possono essere rigenerati.<\/p>\n<p>Dopo un pulizia profonda della radice del dente, il difetto viene riempito con sostanze biologicamente attive che stimolano la rigenerazione del tessuto di fissaggio (osso e cemento). Questo tipo di chirurgia ha buoni risultati solo in determinate anatomie dei difetti e richiede un maggior numero di visite immediatamente prima e dopo l&#8217;intervento.[\/vc_column_text][vc_empty_space height=&#8221;20px&#8221;][vc_column_text]<\/p>\n<h4>Terapia di mantenimento<\/h4>\n<p>[\/vc_column_text][vc_empty_space height=&#8221;20px&#8221;][vc_column_text]Il cavo orale, sia sano che nei pazienti con parodontite, \u00e8 pieno di batteri. I pazienti affetti hanno una predisposizione genetica all&#8217;iperreazione infiammatoria ai batteri. Anche se fosse teoricamente possibile eliminare tutti i batteri, la ricolonizzazione e la conseguente reazione infiammatoria avverrebbero luogo molto rapidamente. Ci\u00f2 significa che non pu\u00f2 esistere un trattamento di successo una tantum per la parodontite.<\/p>\n<p>La parodontite \u00e8 una malattia infiammatoria cronica e come tale va controllata per tutta la vita e ci si eventualmente deve anche intervenire.<\/p>\n<p>Dopo l&#8217;installazione di impianti dentali in pazienti con parodontite, la terapia di mantenimento \u00e8 estremamente importante.<\/p>\n<p>La frequenza dei controlli dipende dall&#8217;attivit\u00e0 della malattia e dall&#8217;igiene orale del paziente ed \u00e8 determinata individualmente (di solito 2-4 volte l&#8217;anno).[\/vc_column_text][vc_empty_space height=&#8221;20px&#8221;][vc_column_text]<\/p>\n<h4>Copertura di colletti dentali scoperti\/recessione<\/h4>\n<p>[\/vc_column_text][vc_empty_space height=&#8221;20px&#8221;][vc_column_text]Ci sono diverse possibili ragioni per la formazione di colletti dentali scoperti e le pi\u00f9 comuni sono le tecniche di pulizia dei denti sbagliate.<\/p>\n<p>Con le tecniche della chirurgia plastica si possono coprire i colletti dentali scoperti e quindi risolvere problemi estetici, ipersensibilit\u00e0 dentale, ulteriore progressione della retrazione gengivale e formazione di carie del colletto dentale.<\/p>\n<p>Nella clinica, applichiamo tecniche molto avanzate e sofisticate di copertura delle recessioni minimamente invasiva.<\/p>\n<p>Al fine di ottenere risultati stabili a lungo termine, istruiamo i pazienti nell&#8217;applicazione dei mezzi e delle tecniche corrette di pulizia dei denti.[\/vc_column_text][vc_empty_space height=&#8221;20px&#8221;][vc_column_text]<\/p>\n<h4>Chirurgia plastica gengivale<\/h4>\n<p>[\/vc_column_text][vc_empty_space height=&#8221;20px&#8221;][vc_column_text]Anche se l&#8217;esperienza della bellezza \u00e8 individuale e cambia attraverso le culture e i tempi, ed \u00e8 anche soggetta alla moda, oggi soprattutto sotto l&#8217;influenza dei media, un sorriso ampio che rivela molti denti bianchi e gengive sane \u00e8 pi\u00f9 popolare che mai.<\/p>\n<p>Gengive rosse e gonfie, colletti dentali lunghi e scoperti, difetti della mascella dovuti alla perdita dei denti: tutto questo rovina il sorriso.<\/p>\n<p>Oggi, la maggior parte di questi difetti pu\u00f2 essere rimossa o alleviata con interventi di chirurgia estetica gengivale.<\/p>\n<p>Creare un bel sorriso \u00e8 una questione di squadra. Il protesista, il tecnico, il parodontologo, il chirurgo e l&#8217;ortodontista partecipano in egual modo alla pianificazione e all&#8217;attuazione della terapia.[\/vc_column_text][\/vc_column][vc_column width=&#8221;1\/2&#8243;][vc_empty_space height=&#8221;48px&#8221;][vc_single_image image=&#8221;500&#8243; img_size=&#8221;large&#8221; qode_css_animation=&#8221;&#8221; el_class=&#8221;sakrij&#8221;][\/vc_column][\/vc_row][vc_row css_animation=&#8221;&#8221; row_type=&#8221;row&#8221; use_row_as_full_screen_section=&#8221;no&#8221; type=&#8221;full_width&#8221; angled_section=&#8221;no&#8221; text_align=&#8221;left&#8221; background_image_as_pattern=&#8221;without_pattern&#8221;][vc_column][vc_empty_space height=&#8221;48px&#8221;][\/vc_column][\/vc_row]<\/p>\n","protected":false},"excerpt":{"rendered":"<p>[vc_row css_animation=&#8221;&#8221; row_type=&#8221;row&#8221; use_row_as_full_screen_section=&#8221;no&#8221; type=&#8221;grid&#8221; angled_section=&#8221;no&#8221; text_align=&#8221;left&#8221; background_image_as_pattern=&#8221;without_pattern&#8221; z_index=&#8221;&#8221;][vc_column width=&#8221;1\/2&#8243;][vc_empty_space height=&#8221;48px&#8221;][vc_column_text] Parodontologia [\/vc_column_text][vc_empty_space height=&#8221;24px&#8221;][vc_column_text]La parodontologia comprende la terapia della parodontite (infiammazione delle gengive), la chirurgia rigenerativa, la terapia di mantenimento, la copertura dei colletti dei denti scoperti (recessione) e la chirurgia plastica della gengiva.[\/vc_column_text][vc_empty_space height=&#8221;20px&#8221;][vc_column_text]&#8230;<\/p>\n","protected":false},"author":1,"featured_media":0,"parent":1183,"menu_order":0,"comment_status":"closed","ping_status":"closed","template":"full_width.php","meta":{"_links_to":"","_links_to_target":""},"yoast_head":"<!-- This site is optimized with the Yoast SEO plugin v20.1 - https:\/\/yoast.com\/wordpress\/plugins\/seo\/ -->\n<title>Parodontologia - Dentelli* Mall of Split<\/title>\n<meta name=\"robots\" content=\"index, follow, max-snippet:-1, max-image-preview:large, max-video-preview:-1\" \/>\n<link rel=\"canonical\" href=\"https:\/\/dentelli.hr\/it\/servizi\/parodontologia\/\" \/>\n<meta property=\"og:locale\" content=\"it_IT\" \/>\n<meta property=\"og:type\" content=\"article\" \/>\n<meta property=\"og:title\" content=\"Parodontologia - Dentelli* Mall of Split\" \/>\n<meta property=\"og:description\" content=\"[vc_row css_animation=&#8221;&#8221; row_type=&#8221;row&#8221; use_row_as_full_screen_section=&#8221;no&#8221; type=&#8221;grid&#8221; angled_section=&#8221;no&#8221; text_align=&#8221;left&#8221; background_image_as_pattern=&#8221;without_pattern&#8221; z_index=&#8221;&#8221;][vc_column width=&#8221;1\/2&#8243;][vc_empty_space height=&#8221;48px&#8221;][vc_column_text] Parodontologia [\/vc_column_text][vc_empty_space height=&#8221;24px&#8221;][vc_column_text]La parodontologia comprende la terapia della parodontite (infiammazione delle gengive), la chirurgia rigenerativa, la terapia di mantenimento, la copertura dei colletti dei denti scoperti (recessione) e la chirurgia plastica della gengiva.[\/vc_column_text][vc_empty_space height=&#8221;20px&#8221;][vc_column_text]...\" \/>\n<meta property=\"og:url\" content=\"https:\/\/dentelli.hr\/it\/servizi\/parodontologia\/\" \/>\n<meta property=\"og:site_name\" content=\"Dentelli* Mall of Split\" \/>\n<meta property=\"article:publisher\" content=\"https:\/\/www.facebook.com\/dentelli.split\/\" \/>\n<meta name=\"twitter:card\" content=\"summary_large_image\" \/>\n<meta name=\"twitter:site\" content=\"@dentellic\" \/>\n<meta name=\"twitter:label1\" content=\"Tempo di lettura stimato\" \/>\n\t<meta name=\"twitter:data1\" content=\"3 minuti\" \/>\n<script type=\"application\/ld+json\" class=\"yoast-schema-graph\">{\"@context\":\"https:\/\/schema.org\",\"@graph\":[{\"@type\":\"WebPage\",\"@id\":\"https:\/\/dentelli.hr\/it\/servizi\/parodontologia\/\",\"url\":\"https:\/\/dentelli.hr\/it\/servizi\/parodontologia\/\",\"name\":\"Parodontologia - Dentelli* Mall of Split\",\"isPartOf\":{\"@id\":\"https:\/\/dentelli.hr\/#website\"},\"datePublished\":\"2021-08-11T11:46:13+00:00\",\"dateModified\":\"2021-08-11T11:46:13+00:00\",\"breadcrumb\":{\"@id\":\"https:\/\/dentelli.hr\/it\/servizi\/parodontologia\/#breadcrumb\"},\"inLanguage\":\"it-IT\",\"potentialAction\":[{\"@type\":\"ReadAction\",\"target\":[\"https:\/\/dentelli.hr\/it\/servizi\/parodontologia\/\"]}]},{\"@type\":\"BreadcrumbList\",\"@id\":\"https:\/\/dentelli.hr\/it\/servizi\/parodontologia\/#breadcrumb\",\"itemListElement\":[{\"@type\":\"ListItem\",\"position\":1,\"name\":\"Home\",\"item\":\"https:\/\/dentelli.hr\/it\/\"},{\"@type\":\"ListItem\",\"position\":2,\"name\":\"Servizi\",\"item\":\"https:\/\/dentelli.hr\/it\/servizi\/\"},{\"@type\":\"ListItem\",\"position\":3,\"name\":\"Parodontologia\"}]},{\"@type\":\"WebSite\",\"@id\":\"https:\/\/dentelli.hr\/#website\",\"url\":\"https:\/\/dentelli.hr\/\",\"name\":\"Dentelli* - KLINIKA ZA DENTALNU MEDICINU\",\"description\":\"KLINIKA ZA DENTALNU MEDICINU\",\"publisher\":{\"@id\":\"https:\/\/dentelli.hr\/#organization\"},\"potentialAction\":[{\"@type\":\"SearchAction\",\"target\":{\"@type\":\"EntryPoint\",\"urlTemplate\":\"https:\/\/dentelli.hr\/?s={search_term_string}\"},\"query-input\":\"required name=search_term_string\"}],\"inLanguage\":\"it-IT\"},{\"@type\":\"Organization\",\"@id\":\"https:\/\/dentelli.hr\/#organization\",\"name\":\"DENTELLI - KLINIKA ZA DENTALNU MEDICINU\",\"url\":\"https:\/\/dentelli.hr\/\",\"logo\":{\"@type\":\"ImageObject\",\"inLanguage\":\"it-IT\",\"@id\":\"https:\/\/dentelli.hr\/#\/schema\/logo\/image\/\",\"url\":\"https:\/\/dentelli.hr\/wp-content\/uploads\/2019\/07\/dentelli_logo-2.png\",\"contentUrl\":\"https:\/\/dentelli.hr\/wp-content\/uploads\/2019\/07\/dentelli_logo-2.png\",\"width\":181,\"height\":52,\"caption\":\"DENTELLI - KLINIKA ZA DENTALNU MEDICINU\"},\"image\":{\"@id\":\"https:\/\/dentelli.hr\/#\/schema\/logo\/image\/\"},\"sameAs\":[\"https:\/\/www.facebook.com\/dentelli.split\/\",\"https:\/\/twitter.com\/dentellic\",\"https:\/\/www.instagram.com\/dentelli.split\/\",\"https:\/\/www.youtube.com\/channel\/UC_o4suAMvCWhJOCmrbyKKiA\"]}]}<\/script>\n<!-- \/ Yoast SEO plugin. -->","yoast_head_json":{"title":"Parodontologia - Dentelli* Mall of Split","robots":{"index":"index","follow":"follow","max-snippet":"max-snippet:-1","max-image-preview":"max-image-preview:large","max-video-preview":"max-video-preview:-1"},"canonical":"https:\/\/dentelli.hr\/it\/servizi\/parodontologia\/","og_locale":"it_IT","og_type":"article","og_title":"Parodontologia - Dentelli* Mall of Split","og_description":"[vc_row css_animation=&#8221;&#8221; row_type=&#8221;row&#8221; use_row_as_full_screen_section=&#8221;no&#8221; type=&#8221;grid&#8221; angled_section=&#8221;no&#8221; text_align=&#8221;left&#8221; background_image_as_pattern=&#8221;without_pattern&#8221; z_index=&#8221;&#8221;][vc_column width=&#8221;1\/2&#8243;][vc_empty_space height=&#8221;48px&#8221;][vc_column_text] Parodontologia [\/vc_column_text][vc_empty_space height=&#8221;24px&#8221;][vc_column_text]La parodontologia comprende la terapia della parodontite (infiammazione delle gengive), la chirurgia rigenerativa, la terapia di mantenimento, la copertura dei colletti dei denti scoperti (recessione) e la chirurgia plastica della gengiva.[\/vc_column_text][vc_empty_space height=&#8221;20px&#8221;][vc_column_text]...","og_url":"https:\/\/dentelli.hr\/it\/servizi\/parodontologia\/","og_site_name":"Dentelli* Mall of Split","article_publisher":"https:\/\/www.facebook.com\/dentelli.split\/","twitter_card":"summary_large_image","twitter_site":"@dentellic","twitter_misc":{"Tempo di lettura stimato":"3 minuti"},"schema":{"@context":"https:\/\/schema.org","@graph":[{"@type":"WebPage","@id":"https:\/\/dentelli.hr\/it\/servizi\/parodontologia\/","url":"https:\/\/dentelli.hr\/it\/servizi\/parodontologia\/","name":"Parodontologia - Dentelli* Mall of Split","isPartOf":{"@id":"https:\/\/dentelli.hr\/#website"},"datePublished":"2021-08-11T11:46:13+00:00","dateModified":"2021-08-11T11:46:13+00:00","breadcrumb":{"@id":"https:\/\/dentelli.hr\/it\/servizi\/parodontologia\/#breadcrumb"},"inLanguage":"it-IT","potentialAction":[{"@type":"ReadAction","target":["https:\/\/dentelli.hr\/it\/servizi\/parodontologia\/"]}]},{"@type":"BreadcrumbList","@id":"https:\/\/dentelli.hr\/it\/servizi\/parodontologia\/#breadcrumb","itemListElement":[{"@type":"ListItem","position":1,"name":"Home","item":"https:\/\/dentelli.hr\/it\/"},{"@type":"ListItem","position":2,"name":"Servizi","item":"https:\/\/dentelli.hr\/it\/servizi\/"},{"@type":"ListItem","position":3,"name":"Parodontologia"}]},{"@type":"WebSite","@id":"https:\/\/dentelli.hr\/#website","url":"https:\/\/dentelli.hr\/","name":"Dentelli* - KLINIKA ZA DENTALNU MEDICINU","description":"KLINIKA ZA DENTALNU MEDICINU","publisher":{"@id":"https:\/\/dentelli.hr\/#organization"},"potentialAction":[{"@type":"SearchAction","target":{"@type":"EntryPoint","urlTemplate":"https:\/\/dentelli.hr\/?s={search_term_string}"},"query-input":"required name=search_term_string"}],"inLanguage":"it-IT"},{"@type":"Organization","@id":"https:\/\/dentelli.hr\/#organization","name":"DENTELLI - KLINIKA ZA DENTALNU MEDICINU","url":"https:\/\/dentelli.hr\/","logo":{"@type":"ImageObject","inLanguage":"it-IT","@id":"https:\/\/dentelli.hr\/#\/schema\/logo\/image\/","url":"https:\/\/dentelli.hr\/wp-content\/uploads\/2019\/07\/dentelli_logo-2.png","contentUrl":"https:\/\/dentelli.hr\/wp-content\/uploads\/2019\/07\/dentelli_logo-2.png","width":181,"height":52,"caption":"DENTELLI - KLINIKA ZA DENTALNU MEDICINU"},"image":{"@id":"https:\/\/dentelli.hr\/#\/schema\/logo\/image\/"},"sameAs":["https:\/\/www.facebook.com\/dentelli.split\/","https:\/\/twitter.com\/dentellic","https:\/\/www.instagram.com\/dentelli.split\/","https:\/\/www.youtube.com\/channel\/UC_o4suAMvCWhJOCmrbyKKiA"]}]}},"_links":{"self":[{"href":"https:\/\/dentelli.hr\/it\/wp-json\/wp\/v2\/pages\/1230"}],"collection":[{"href":"https:\/\/dentelli.hr\/it\/wp-json\/wp\/v2\/pages"}],"about":[{"href":"https:\/\/dentelli.hr\/it\/wp-json\/wp\/v2\/types\/page"}],"author":[{"embeddable":true,"href":"https:\/\/dentelli.hr\/it\/wp-json\/wp\/v2\/users\/1"}],"replies":[{"embeddable":true,"href":"https:\/\/dentelli.hr\/it\/wp-json\/wp\/v2\/comments?post=1230"}],"version-history":[{"count":1,"href":"https:\/\/dentelli.hr\/it\/wp-json\/wp\/v2\/pages\/1230\/revisions"}],"predecessor-version":[{"id":1231,"href":"https:\/\/dentelli.hr\/it\/wp-json\/wp\/v2\/pages\/1230\/revisions\/1231"}],"up":[{"embeddable":true,"href":"https:\/\/dentelli.hr\/it\/wp-json\/wp\/v2\/pages\/1183"}],"wp:attachment":[{"href":"https:\/\/dentelli.hr\/it\/wp-json\/wp\/v2\/media?parent=1230"}],"curies":[{"name":"wp","href":"https:\/\/api.w.org\/{rel}","templated":true}]}}