{"id":1224,"date":"2021-08-11T13:37:00","date_gmt":"2021-08-11T11:37:00","guid":{"rendered":"https:\/\/dentelli.hr\/?page_id=1224"},"modified":"2021-08-11T13:37:01","modified_gmt":"2021-08-11T11:37:01","slug":"diagnostica-a-raggi-x","status":"publish","type":"page","link":"https:\/\/dentelli.hr\/it\/servizi\/diagnostica-a-raggi-x\/","title":{"rendered":"Diagnostica a raggi X"},"content":{"rendered":"<p>[vc_row css_animation=&#8221;&#8221; row_type=&#8221;row&#8221; use_row_as_full_screen_section=&#8221;no&#8221; type=&#8221;grid&#8221; angled_section=&#8221;no&#8221; text_align=&#8221;left&#8221; background_image_as_pattern=&#8221;without_pattern&#8221; z_index=&#8221;&#8221;][vc_column width=&#8221;1\/2&#8243;][vc_empty_space height=&#8221;48px&#8221;][vc_column_text]<\/p>\n<h1><span style=\"color: #edb51e;\">Diagnostica a raggi X<\/span><\/h1>\n<p>[\/vc_column_text][vc_empty_space height=&#8221;24px&#8221;][vc_column_text]Un&#8217;attrezzatura di qualit\u00e0 \u00e8 estremamente importante e consente ai medici di diagnosticare pi\u00f9 facilmente eventuali problemi ai denti. Questo \u00e8 esattamente il motivo per cui la nostra clinica possiede il Carestream 8100 3D, un dispositivo premiato per l&#8217;eccezionale qualit\u00e0 delle immagini ortopan. La sua risoluzione consente di catturare ogni singolo dente un un&#8217;immagine fino al pi\u00f9 piccolo dettaglio dal dentro e all&#8217;infuori.[\/vc_column_text][vc_empty_space height=&#8221;20px&#8221;][vc_column_text]Le immagini 3D necessarie per la radiografia della mascella e le valutazioni del posizionamento dell&#8217;impianto sono di una quantit\u00e0 ridotta di radiazioni per i pazienti.[\/vc_column_text][\/vc_column][vc_column width=&#8221;1\/2&#8243;][vc_empty_space height=&#8221;48px&#8221;][vc_single_image image=&#8221;555&#8243; img_size=&#8221;large&#8221; qode_css_animation=&#8221;&#8221;][\/vc_column][\/vc_row][vc_row css_animation=&#8221;&#8221; row_type=&#8221;row&#8221; use_row_as_full_screen_section=&#8221;no&#8221; type=&#8221;full_width&#8221; angled_section=&#8221;no&#8221; text_align=&#8221;left&#8221; background_image_as_pattern=&#8221;without_pattern&#8221;][vc_column][vc_empty_space height=&#8221;48px&#8221;][\/vc_column][\/vc_row]<\/p>\n","protected":false},"excerpt":{"rendered":"<p>[vc_row css_animation=&#8221;&#8221; row_type=&#8221;row&#8221; use_row_as_full_screen_section=&#8221;no&#8221; type=&#8221;grid&#8221; angled_section=&#8221;no&#8221; text_align=&#8221;left&#8221; background_image_as_pattern=&#8221;without_pattern&#8221; z_index=&#8221;&#8221;][vc_column width=&#8221;1\/2&#8243;][vc_empty_space height=&#8221;48px&#8221;][vc_column_text] Diagnostica a raggi X [\/vc_column_text][vc_empty_space height=&#8221;24px&#8221;][vc_column_text]Un&#8217;attrezzatura di qualit\u00e0 \u00e8 estremamente importante e consente ai medici di diagnosticare pi\u00f9 facilmente eventuali problemi ai denti. Questo \u00e8 esattamente il motivo per cui la nostra clinica possiede&#8230;<\/p>\n","protected":false},"author":1,"featured_media":0,"parent":1183,"menu_order":0,"comment_status":"closed","ping_status":"closed","template":"full_width.php","meta":{"_links_to":"","_links_to_target":""},"yoast_head":"<!-- This site is optimized with the Yoast SEO plugin v20.1 - https:\/\/yoast.com\/wordpress\/plugins\/seo\/ -->\n<title>Diagnostica a raggi X - Dentelli* Mall of Split<\/title>\n<meta name=\"robots\" content=\"index, follow, max-snippet:-1, max-image-preview:large, max-video-preview:-1\" \/>\n<link rel=\"canonical\" href=\"https:\/\/dentelli.hr\/it\/servizi\/diagnostica-a-raggi-x\/\" \/>\n<meta property=\"og:locale\" content=\"it_IT\" \/>\n<meta property=\"og:type\" content=\"article\" \/>\n<meta property=\"og:title\" content=\"Diagnostica a raggi X - Dentelli* Mall of Split\" \/>\n<meta property=\"og:description\" content=\"[vc_row css_animation=&#8221;&#8221; row_type=&#8221;row&#8221; use_row_as_full_screen_section=&#8221;no&#8221; type=&#8221;grid&#8221; angled_section=&#8221;no&#8221; text_align=&#8221;left&#8221; background_image_as_pattern=&#8221;without_pattern&#8221; z_index=&#8221;&#8221;][vc_column width=&#8221;1\/2&#8243;][vc_empty_space height=&#8221;48px&#8221;][vc_column_text] Diagnostica a raggi X [\/vc_column_text][vc_empty_space height=&#8221;24px&#8221;][vc_column_text]Un&#8217;attrezzatura di qualit\u00e0 \u00e8 estremamente importante e consente ai medici di diagnosticare pi\u00f9 facilmente eventuali problemi ai denti. Questo \u00e8 esattamente il motivo per cui la nostra clinica possiede...\" \/>\n<meta property=\"og:url\" content=\"https:\/\/dentelli.hr\/it\/servizi\/diagnostica-a-raggi-x\/\" \/>\n<meta property=\"og:site_name\" content=\"Dentelli* Mall of Split\" \/>\n<meta property=\"article:publisher\" content=\"https:\/\/www.facebook.com\/dentelli.split\/\" \/>\n<meta property=\"article:modified_time\" content=\"2021-08-11T11:37:01+00:00\" \/>\n<meta name=\"twitter:card\" content=\"summary_large_image\" \/>\n<meta name=\"twitter:site\" content=\"@dentellic\" \/>\n<meta name=\"twitter:label1\" content=\"Tempo di lettura stimato\" \/>\n\t<meta name=\"twitter:data1\" content=\"1 minuto\" \/>\n<script type=\"application\/ld+json\" class=\"yoast-schema-graph\">{\"@context\":\"https:\/\/schema.org\",\"@graph\":[{\"@type\":\"WebPage\",\"@id\":\"https:\/\/dentelli.hr\/it\/servizi\/diagnostica-a-raggi-x\/\",\"url\":\"https:\/\/dentelli.hr\/it\/servizi\/diagnostica-a-raggi-x\/\",\"name\":\"Diagnostica a raggi X - Dentelli* Mall of Split\",\"isPartOf\":{\"@id\":\"https:\/\/dentelli.hr\/#website\"},\"datePublished\":\"2021-08-11T11:37:00+00:00\",\"dateModified\":\"2021-08-11T11:37:01+00:00\",\"breadcrumb\":{\"@id\":\"https:\/\/dentelli.hr\/it\/servizi\/diagnostica-a-raggi-x\/#breadcrumb\"},\"inLanguage\":\"it-IT\",\"potentialAction\":[{\"@type\":\"ReadAction\",\"target\":[\"https:\/\/dentelli.hr\/it\/servizi\/diagnostica-a-raggi-x\/\"]}]},{\"@type\":\"BreadcrumbList\",\"@id\":\"https:\/\/dentelli.hr\/it\/servizi\/diagnostica-a-raggi-x\/#breadcrumb\",\"itemListElement\":[{\"@type\":\"ListItem\",\"position\":1,\"name\":\"Home\",\"item\":\"https:\/\/dentelli.hr\/it\/\"},{\"@type\":\"ListItem\",\"position\":2,\"name\":\"Servizi\",\"item\":\"https:\/\/dentelli.hr\/it\/servizi\/\"},{\"@type\":\"ListItem\",\"position\":3,\"name\":\"Diagnostica a raggi X\"}]},{\"@type\":\"WebSite\",\"@id\":\"https:\/\/dentelli.hr\/#website\",\"url\":\"https:\/\/dentelli.hr\/\",\"name\":\"Dentelli* - KLINIKA ZA DENTALNU MEDICINU\",\"description\":\"KLINIKA ZA DENTALNU MEDICINU\",\"publisher\":{\"@id\":\"https:\/\/dentelli.hr\/#organization\"},\"potentialAction\":[{\"@type\":\"SearchAction\",\"target\":{\"@type\":\"EntryPoint\",\"urlTemplate\":\"https:\/\/dentelli.hr\/?s={search_term_string}\"},\"query-input\":\"required name=search_term_string\"}],\"inLanguage\":\"it-IT\"},{\"@type\":\"Organization\",\"@id\":\"https:\/\/dentelli.hr\/#organization\",\"name\":\"DENTELLI - KLINIKA ZA DENTALNU MEDICINU\",\"url\":\"https:\/\/dentelli.hr\/\",\"logo\":{\"@type\":\"ImageObject\",\"inLanguage\":\"it-IT\",\"@id\":\"https:\/\/dentelli.hr\/#\/schema\/logo\/image\/\",\"url\":\"https:\/\/dentelli.hr\/wp-content\/uploads\/2019\/07\/dentelli_logo-2.png\",\"contentUrl\":\"https:\/\/dentelli.hr\/wp-content\/uploads\/2019\/07\/dentelli_logo-2.png\",\"width\":181,\"height\":52,\"caption\":\"DENTELLI - KLINIKA ZA DENTALNU MEDICINU\"},\"image\":{\"@id\":\"https:\/\/dentelli.hr\/#\/schema\/logo\/image\/\"},\"sameAs\":[\"https:\/\/www.facebook.com\/dentelli.split\/\",\"https:\/\/twitter.com\/dentellic\",\"https:\/\/www.instagram.com\/dentelli.split\/\",\"https:\/\/www.youtube.com\/channel\/UC_o4suAMvCWhJOCmrbyKKiA\"]}]}<\/script>\n<!-- \/ Yoast SEO plugin. -->","yoast_head_json":{"title":"Diagnostica a raggi X - Dentelli* Mall of Split","robots":{"index":"index","follow":"follow","max-snippet":"max-snippet:-1","max-image-preview":"max-image-preview:large","max-video-preview":"max-video-preview:-1"},"canonical":"https:\/\/dentelli.hr\/it\/servizi\/diagnostica-a-raggi-x\/","og_locale":"it_IT","og_type":"article","og_title":"Diagnostica a raggi X - Dentelli* Mall of Split","og_description":"[vc_row css_animation=&#8221;&#8221; row_type=&#8221;row&#8221; use_row_as_full_screen_section=&#8221;no&#8221; type=&#8221;grid&#8221; angled_section=&#8221;no&#8221; text_align=&#8221;left&#8221; background_image_as_pattern=&#8221;without_pattern&#8221; z_index=&#8221;&#8221;][vc_column width=&#8221;1\/2&#8243;][vc_empty_space height=&#8221;48px&#8221;][vc_column_text] Diagnostica a raggi X [\/vc_column_text][vc_empty_space height=&#8221;24px&#8221;][vc_column_text]Un&#8217;attrezzatura di qualit\u00e0 \u00e8 estremamente importante e consente ai medici di diagnosticare pi\u00f9 facilmente eventuali problemi ai denti. Questo \u00e8 esattamente il motivo per cui la nostra clinica possiede...","og_url":"https:\/\/dentelli.hr\/it\/servizi\/diagnostica-a-raggi-x\/","og_site_name":"Dentelli* Mall of Split","article_publisher":"https:\/\/www.facebook.com\/dentelli.split\/","article_modified_time":"2021-08-11T11:37:01+00:00","twitter_card":"summary_large_image","twitter_site":"@dentellic","twitter_misc":{"Tempo di lettura stimato":"1 minuto"},"schema":{"@context":"https:\/\/schema.org","@graph":[{"@type":"WebPage","@id":"https:\/\/dentelli.hr\/it\/servizi\/diagnostica-a-raggi-x\/","url":"https:\/\/dentelli.hr\/it\/servizi\/diagnostica-a-raggi-x\/","name":"Diagnostica a raggi X - Dentelli* Mall of Split","isPartOf":{"@id":"https:\/\/dentelli.hr\/#website"},"datePublished":"2021-08-11T11:37:00+00:00","dateModified":"2021-08-11T11:37:01+00:00","breadcrumb":{"@id":"https:\/\/dentelli.hr\/it\/servizi\/diagnostica-a-raggi-x\/#breadcrumb"},"inLanguage":"it-IT","potentialAction":[{"@type":"ReadAction","target":["https:\/\/dentelli.hr\/it\/servizi\/diagnostica-a-raggi-x\/"]}]},{"@type":"BreadcrumbList","@id":"https:\/\/dentelli.hr\/it\/servizi\/diagnostica-a-raggi-x\/#breadcrumb","itemListElement":[{"@type":"ListItem","position":1,"name":"Home","item":"https:\/\/dentelli.hr\/it\/"},{"@type":"ListItem","position":2,"name":"Servizi","item":"https:\/\/dentelli.hr\/it\/servizi\/"},{"@type":"ListItem","position":3,"name":"Diagnostica a raggi X"}]},{"@type":"WebSite","@id":"https:\/\/dentelli.hr\/#website","url":"https:\/\/dentelli.hr\/","name":"Dentelli* - KLINIKA ZA DENTALNU MEDICINU","description":"KLINIKA ZA DENTALNU MEDICINU","publisher":{"@id":"https:\/\/dentelli.hr\/#organization"},"potentialAction":[{"@type":"SearchAction","target":{"@type":"EntryPoint","urlTemplate":"https:\/\/dentelli.hr\/?s={search_term_string}"},"query-input":"required name=search_term_string"}],"inLanguage":"it-IT"},{"@type":"Organization","@id":"https:\/\/dentelli.hr\/#organization","name":"DENTELLI - KLINIKA ZA DENTALNU MEDICINU","url":"https:\/\/dentelli.hr\/","logo":{"@type":"ImageObject","inLanguage":"it-IT","@id":"https:\/\/dentelli.hr\/#\/schema\/logo\/image\/","url":"https:\/\/dentelli.hr\/wp-content\/uploads\/2019\/07\/dentelli_logo-2.png","contentUrl":"https:\/\/dentelli.hr\/wp-content\/uploads\/2019\/07\/dentelli_logo-2.png","width":181,"height":52,"caption":"DENTELLI - KLINIKA ZA DENTALNU MEDICINU"},"image":{"@id":"https:\/\/dentelli.hr\/#\/schema\/logo\/image\/"},"sameAs":["https:\/\/www.facebook.com\/dentelli.split\/","https:\/\/twitter.com\/dentellic","https:\/\/www.instagram.com\/dentelli.split\/","https:\/\/www.youtube.com\/channel\/UC_o4suAMvCWhJOCmrbyKKiA"]}]}},"_links":{"self":[{"href":"https:\/\/dentelli.hr\/it\/wp-json\/wp\/v2\/pages\/1224"}],"collection":[{"href":"https:\/\/dentelli.hr\/it\/wp-json\/wp\/v2\/pages"}],"about":[{"href":"https:\/\/dentelli.hr\/it\/wp-json\/wp\/v2\/types\/page"}],"author":[{"embeddable":true,"href":"https:\/\/dentelli.hr\/it\/wp-json\/wp\/v2\/users\/1"}],"replies":[{"embeddable":true,"href":"https:\/\/dentelli.hr\/it\/wp-json\/wp\/v2\/comments?post=1224"}],"version-history":[{"count":1,"href":"https:\/\/dentelli.hr\/it\/wp-json\/wp\/v2\/pages\/1224\/revisions"}],"predecessor-version":[{"id":1225,"href":"https:\/\/dentelli.hr\/it\/wp-json\/wp\/v2\/pages\/1224\/revisions\/1225"}],"up":[{"embeddable":true,"href":"https:\/\/dentelli.hr\/it\/wp-json\/wp\/v2\/pages\/1183"}],"wp:attachment":[{"href":"https:\/\/dentelli.hr\/it\/wp-json\/wp\/v2\/media?parent=1224"}],"curies":[{"name":"wp","href":"https:\/\/api.w.org\/{rel}","templated":true}]}}