{"id":1217,"date":"2021-08-11T13:31:05","date_gmt":"2021-08-11T11:31:05","guid":{"rendered":"https:\/\/dentelli.hr\/?page_id=1217"},"modified":"2021-08-11T13:31:05","modified_gmt":"2021-08-11T11:31:05","slug":"odontoiatria-pediatrica","status":"publish","type":"page","link":"https:\/\/dentelli.hr\/it\/servizi\/odontoiatria-pediatrica\/","title":{"rendered":"Odontoiatria pediatrica"},"content":{"rendered":"<p>[vc_row css_animation=&#8221;&#8221; row_type=&#8221;row&#8221; use_row_as_full_screen_section=&#8221;no&#8221; type=&#8221;grid&#8221; angled_section=&#8221;no&#8221; text_align=&#8221;left&#8221; background_image_as_pattern=&#8221;without_pattern&#8221; z_index=&#8221;&#8221;][vc_column width=&#8221;1\/2&#8243;][vc_empty_space height=&#8221;48px&#8221;][vc_column_text]<\/p>\n<h1><span style=\"color: #edb51e;\">Odontoiatria pediatrica<\/span><\/h1>\n<p>[\/vc_column_text][vc_empty_space height=&#8221;24px&#8221;][vc_column_text]Ogni buon dentista \u00e8 consapevole del ruolo impegnativo in cui si trova quando un bambino si siede sulla sua sedia. Allora \u00e8 estremamente importante mostrare pazienza, pace, serenit\u00e0, ma anche essere fantasiosi. Bambini sono pazienti che richiedono metodi di lavoro speciali. Hanno bisogno di essere affrontati rapidamente perch\u00e9 sono impazienti e molto spesso molto spaventati. L&#8217;esperienza della psicologia infantile e la professionalit\u00e0 dei nostri medici ci permette di trattare con successo persino i pi\u00f9 esigenti tra i piccoli pazienti.[\/vc_column_text][vc_empty_space height=&#8221;20px&#8221;][vc_column_text]Lo sapeva che anche i denti decidui devono essere riparati? I denti da latte cariati possono causare dolore al Suo bambino, ma anche influenzare la salute dei Loro eredi permanenti. Per rallegrare i nostri piccoli pazienti, abbiamo preparato per loro otturazioni colorate (o bianche), e inoltre, nella nostra clinica la paura dell&#8217;estrazione o del trattamento dei denti \u00e8 notevolmente ridotta.[\/vc_column_text][vc_empty_space height=&#8221;20px&#8221;][vc_column_text]Quando spuntano i denti permanenti, \u00e8 possibile proteggerli\u00a0 nelle aree pi\u00f9 suscettibili alla carie.<\/p>\n<p>Per prevenire la carie, i bambini dovrebbero essere istruiti e abituati fin dalla tenera et\u00e0 a mantenere una buona igiene dentale, e per mantenere i loro denti belli e sani, rimuoveremo da loro placca dentale e tartaro, li lucideremo e li proteggeremo.[\/vc_column_text][vc_empty_space height=&#8221;20px&#8221;][vc_column_text]Al loro arrivo nella nostra clinica, i bambini saranno rallegrati dalla presenza di uno studio appositamente arrangiato per bambini e dopo aver seguito uno speciale programma di adattamento, la Sua prossima visita alla clinica sar\u00e0 molto pi\u00f9 semplice. Ogni piccolo paziente riceve un premio da un ricco tesoro pieno di regali. ;)[\/vc_column_text][\/vc_column][vc_column width=&#8221;1\/2&#8243;][vc_empty_space height=&#8221;48px&#8221;][vc_single_image image=&#8221;500&#8243; img_size=&#8221;large&#8221; qode_css_animation=&#8221;&#8221; el_class=&#8221;sakrij&#8221;][\/vc_column][\/vc_row][vc_row css_animation=&#8221;&#8221; row_type=&#8221;row&#8221; use_row_as_full_screen_section=&#8221;no&#8221; type=&#8221;full_width&#8221; angled_section=&#8221;no&#8221; text_align=&#8221;left&#8221; background_image_as_pattern=&#8221;without_pattern&#8221;][vc_column][vc_empty_space height=&#8221;48px&#8221;][\/vc_column][\/vc_row]<\/p>\n","protected":false},"excerpt":{"rendered":"<p>[vc_row css_animation=&#8221;&#8221; row_type=&#8221;row&#8221; use_row_as_full_screen_section=&#8221;no&#8221; type=&#8221;grid&#8221; angled_section=&#8221;no&#8221; text_align=&#8221;left&#8221; background_image_as_pattern=&#8221;without_pattern&#8221; z_index=&#8221;&#8221;][vc_column width=&#8221;1\/2&#8243;][vc_empty_space height=&#8221;48px&#8221;][vc_column_text] Odontoiatria pediatrica [\/vc_column_text][vc_empty_space height=&#8221;24px&#8221;][vc_column_text]Ogni buon dentista \u00e8 consapevole del ruolo impegnativo in cui si trova quando un bambino si siede sulla sua sedia. Allora \u00e8 estremamente importante mostrare pazienza, pace, serenit\u00e0, ma anche essere&#8230;<\/p>\n","protected":false},"author":1,"featured_media":0,"parent":1183,"menu_order":0,"comment_status":"closed","ping_status":"closed","template":"full_width.php","meta":{"_links_to":"","_links_to_target":""},"yoast_head":"<!-- This site is optimized with the Yoast SEO plugin v20.1 - https:\/\/yoast.com\/wordpress\/plugins\/seo\/ -->\n<title>Odontoiatria pediatrica - Dentelli* Mall of Split<\/title>\n<meta name=\"robots\" content=\"index, follow, max-snippet:-1, max-image-preview:large, max-video-preview:-1\" \/>\n<link rel=\"canonical\" href=\"https:\/\/dentelli.hr\/it\/servizi\/odontoiatria-pediatrica\/\" \/>\n<meta property=\"og:locale\" content=\"it_IT\" \/>\n<meta property=\"og:type\" content=\"article\" \/>\n<meta property=\"og:title\" content=\"Odontoiatria pediatrica - Dentelli* Mall of Split\" \/>\n<meta property=\"og:description\" content=\"[vc_row css_animation=&#8221;&#8221; row_type=&#8221;row&#8221; use_row_as_full_screen_section=&#8221;no&#8221; type=&#8221;grid&#8221; angled_section=&#8221;no&#8221; text_align=&#8221;left&#8221; background_image_as_pattern=&#8221;without_pattern&#8221; z_index=&#8221;&#8221;][vc_column width=&#8221;1\/2&#8243;][vc_empty_space height=&#8221;48px&#8221;][vc_column_text] Odontoiatria pediatrica [\/vc_column_text][vc_empty_space height=&#8221;24px&#8221;][vc_column_text]Ogni buon dentista \u00e8 consapevole del ruolo impegnativo in cui si trova quando un bambino si siede sulla sua sedia. Allora \u00e8 estremamente importante mostrare pazienza, pace, serenit\u00e0, ma anche essere...\" \/>\n<meta property=\"og:url\" content=\"https:\/\/dentelli.hr\/it\/servizi\/odontoiatria-pediatrica\/\" \/>\n<meta property=\"og:site_name\" content=\"Dentelli* Mall of Split\" \/>\n<meta property=\"article:publisher\" content=\"https:\/\/www.facebook.com\/dentelli.split\/\" \/>\n<meta name=\"twitter:card\" content=\"summary_large_image\" \/>\n<meta name=\"twitter:site\" content=\"@dentellic\" \/>\n<meta name=\"twitter:label1\" content=\"Tempo di lettura stimato\" \/>\n\t<meta name=\"twitter:data1\" content=\"2 minuti\" \/>\n<script type=\"application\/ld+json\" class=\"yoast-schema-graph\">{\"@context\":\"https:\/\/schema.org\",\"@graph\":[{\"@type\":\"WebPage\",\"@id\":\"https:\/\/dentelli.hr\/it\/servizi\/odontoiatria-pediatrica\/\",\"url\":\"https:\/\/dentelli.hr\/it\/servizi\/odontoiatria-pediatrica\/\",\"name\":\"Odontoiatria pediatrica - Dentelli* Mall of Split\",\"isPartOf\":{\"@id\":\"https:\/\/dentelli.hr\/#website\"},\"datePublished\":\"2021-08-11T11:31:05+00:00\",\"dateModified\":\"2021-08-11T11:31:05+00:00\",\"breadcrumb\":{\"@id\":\"https:\/\/dentelli.hr\/it\/servizi\/odontoiatria-pediatrica\/#breadcrumb\"},\"inLanguage\":\"it-IT\",\"potentialAction\":[{\"@type\":\"ReadAction\",\"target\":[\"https:\/\/dentelli.hr\/it\/servizi\/odontoiatria-pediatrica\/\"]}]},{\"@type\":\"BreadcrumbList\",\"@id\":\"https:\/\/dentelli.hr\/it\/servizi\/odontoiatria-pediatrica\/#breadcrumb\",\"itemListElement\":[{\"@type\":\"ListItem\",\"position\":1,\"name\":\"Home\",\"item\":\"https:\/\/dentelli.hr\/it\/\"},{\"@type\":\"ListItem\",\"position\":2,\"name\":\"Servizi\",\"item\":\"https:\/\/dentelli.hr\/it\/servizi\/\"},{\"@type\":\"ListItem\",\"position\":3,\"name\":\"Odontoiatria pediatrica\"}]},{\"@type\":\"WebSite\",\"@id\":\"https:\/\/dentelli.hr\/#website\",\"url\":\"https:\/\/dentelli.hr\/\",\"name\":\"Dentelli* - KLINIKA ZA DENTALNU MEDICINU\",\"description\":\"KLINIKA ZA DENTALNU MEDICINU\",\"publisher\":{\"@id\":\"https:\/\/dentelli.hr\/#organization\"},\"potentialAction\":[{\"@type\":\"SearchAction\",\"target\":{\"@type\":\"EntryPoint\",\"urlTemplate\":\"https:\/\/dentelli.hr\/?s={search_term_string}\"},\"query-input\":\"required name=search_term_string\"}],\"inLanguage\":\"it-IT\"},{\"@type\":\"Organization\",\"@id\":\"https:\/\/dentelli.hr\/#organization\",\"name\":\"DENTELLI - KLINIKA ZA DENTALNU MEDICINU\",\"url\":\"https:\/\/dentelli.hr\/\",\"logo\":{\"@type\":\"ImageObject\",\"inLanguage\":\"it-IT\",\"@id\":\"https:\/\/dentelli.hr\/#\/schema\/logo\/image\/\",\"url\":\"https:\/\/dentelli.hr\/wp-content\/uploads\/2019\/07\/dentelli_logo-2.png\",\"contentUrl\":\"https:\/\/dentelli.hr\/wp-content\/uploads\/2019\/07\/dentelli_logo-2.png\",\"width\":181,\"height\":52,\"caption\":\"DENTELLI - KLINIKA ZA DENTALNU MEDICINU\"},\"image\":{\"@id\":\"https:\/\/dentelli.hr\/#\/schema\/logo\/image\/\"},\"sameAs\":[\"https:\/\/www.facebook.com\/dentelli.split\/\",\"https:\/\/twitter.com\/dentellic\",\"https:\/\/www.instagram.com\/dentelli.split\/\",\"https:\/\/www.youtube.com\/channel\/UC_o4suAMvCWhJOCmrbyKKiA\"]}]}<\/script>\n<!-- \/ Yoast SEO plugin. -->","yoast_head_json":{"title":"Odontoiatria pediatrica - Dentelli* Mall of Split","robots":{"index":"index","follow":"follow","max-snippet":"max-snippet:-1","max-image-preview":"max-image-preview:large","max-video-preview":"max-video-preview:-1"},"canonical":"https:\/\/dentelli.hr\/it\/servizi\/odontoiatria-pediatrica\/","og_locale":"it_IT","og_type":"article","og_title":"Odontoiatria pediatrica - Dentelli* Mall of Split","og_description":"[vc_row css_animation=&#8221;&#8221; row_type=&#8221;row&#8221; use_row_as_full_screen_section=&#8221;no&#8221; type=&#8221;grid&#8221; angled_section=&#8221;no&#8221; text_align=&#8221;left&#8221; background_image_as_pattern=&#8221;without_pattern&#8221; z_index=&#8221;&#8221;][vc_column width=&#8221;1\/2&#8243;][vc_empty_space height=&#8221;48px&#8221;][vc_column_text] Odontoiatria pediatrica [\/vc_column_text][vc_empty_space height=&#8221;24px&#8221;][vc_column_text]Ogni buon dentista \u00e8 consapevole del ruolo impegnativo in cui si trova quando un bambino si siede sulla sua sedia. Allora \u00e8 estremamente importante mostrare pazienza, pace, serenit\u00e0, ma anche essere...","og_url":"https:\/\/dentelli.hr\/it\/servizi\/odontoiatria-pediatrica\/","og_site_name":"Dentelli* Mall of Split","article_publisher":"https:\/\/www.facebook.com\/dentelli.split\/","twitter_card":"summary_large_image","twitter_site":"@dentellic","twitter_misc":{"Tempo di lettura stimato":"2 minuti"},"schema":{"@context":"https:\/\/schema.org","@graph":[{"@type":"WebPage","@id":"https:\/\/dentelli.hr\/it\/servizi\/odontoiatria-pediatrica\/","url":"https:\/\/dentelli.hr\/it\/servizi\/odontoiatria-pediatrica\/","name":"Odontoiatria pediatrica - Dentelli* Mall of Split","isPartOf":{"@id":"https:\/\/dentelli.hr\/#website"},"datePublished":"2021-08-11T11:31:05+00:00","dateModified":"2021-08-11T11:31:05+00:00","breadcrumb":{"@id":"https:\/\/dentelli.hr\/it\/servizi\/odontoiatria-pediatrica\/#breadcrumb"},"inLanguage":"it-IT","potentialAction":[{"@type":"ReadAction","target":["https:\/\/dentelli.hr\/it\/servizi\/odontoiatria-pediatrica\/"]}]},{"@type":"BreadcrumbList","@id":"https:\/\/dentelli.hr\/it\/servizi\/odontoiatria-pediatrica\/#breadcrumb","itemListElement":[{"@type":"ListItem","position":1,"name":"Home","item":"https:\/\/dentelli.hr\/it\/"},{"@type":"ListItem","position":2,"name":"Servizi","item":"https:\/\/dentelli.hr\/it\/servizi\/"},{"@type":"ListItem","position":3,"name":"Odontoiatria pediatrica"}]},{"@type":"WebSite","@id":"https:\/\/dentelli.hr\/#website","url":"https:\/\/dentelli.hr\/","name":"Dentelli* - KLINIKA ZA DENTALNU MEDICINU","description":"KLINIKA ZA DENTALNU MEDICINU","publisher":{"@id":"https:\/\/dentelli.hr\/#organization"},"potentialAction":[{"@type":"SearchAction","target":{"@type":"EntryPoint","urlTemplate":"https:\/\/dentelli.hr\/?s={search_term_string}"},"query-input":"required name=search_term_string"}],"inLanguage":"it-IT"},{"@type":"Organization","@id":"https:\/\/dentelli.hr\/#organization","name":"DENTELLI - KLINIKA ZA DENTALNU MEDICINU","url":"https:\/\/dentelli.hr\/","logo":{"@type":"ImageObject","inLanguage":"it-IT","@id":"https:\/\/dentelli.hr\/#\/schema\/logo\/image\/","url":"https:\/\/dentelli.hr\/wp-content\/uploads\/2019\/07\/dentelli_logo-2.png","contentUrl":"https:\/\/dentelli.hr\/wp-content\/uploads\/2019\/07\/dentelli_logo-2.png","width":181,"height":52,"caption":"DENTELLI - KLINIKA ZA DENTALNU MEDICINU"},"image":{"@id":"https:\/\/dentelli.hr\/#\/schema\/logo\/image\/"},"sameAs":["https:\/\/www.facebook.com\/dentelli.split\/","https:\/\/twitter.com\/dentellic","https:\/\/www.instagram.com\/dentelli.split\/","https:\/\/www.youtube.com\/channel\/UC_o4suAMvCWhJOCmrbyKKiA"]}]}},"_links":{"self":[{"href":"https:\/\/dentelli.hr\/it\/wp-json\/wp\/v2\/pages\/1217"}],"collection":[{"href":"https:\/\/dentelli.hr\/it\/wp-json\/wp\/v2\/pages"}],"about":[{"href":"https:\/\/dentelli.hr\/it\/wp-json\/wp\/v2\/types\/page"}],"author":[{"embeddable":true,"href":"https:\/\/dentelli.hr\/it\/wp-json\/wp\/v2\/users\/1"}],"replies":[{"embeddable":true,"href":"https:\/\/dentelli.hr\/it\/wp-json\/wp\/v2\/comments?post=1217"}],"version-history":[{"count":1,"href":"https:\/\/dentelli.hr\/it\/wp-json\/wp\/v2\/pages\/1217\/revisions"}],"predecessor-version":[{"id":1218,"href":"https:\/\/dentelli.hr\/it\/wp-json\/wp\/v2\/pages\/1217\/revisions\/1218"}],"up":[{"embeddable":true,"href":"https:\/\/dentelli.hr\/it\/wp-json\/wp\/v2\/pages\/1183"}],"wp:attachment":[{"href":"https:\/\/dentelli.hr\/it\/wp-json\/wp\/v2\/media?parent=1217"}],"curies":[{"name":"wp","href":"https:\/\/api.w.org\/{rel}","templated":true}]}}