{"id":1214,"date":"2021-08-11T13:22:25","date_gmt":"2021-08-11T11:22:25","guid":{"rendered":"https:\/\/dentelli.hr\/?page_id=1214"},"modified":"2021-08-11T13:22:26","modified_gmt":"2021-08-11T11:22:26","slug":"corone-e-ponti","status":"publish","type":"page","link":"https:\/\/dentelli.hr\/it\/servizi\/corone-e-ponti\/","title":{"rendered":"Corone e ponti"},"content":{"rendered":"<p>[vc_row css_animation=&#8221;&#8221; row_type=&#8221;row&#8221; use_row_as_full_screen_section=&#8221;no&#8221; type=&#8221;grid&#8221; angled_section=&#8221;no&#8221; text_align=&#8221;left&#8221; background_image_as_pattern=&#8221;without_pattern&#8221; z_index=&#8221;&#8221;][vc_column width=&#8221;1\/2&#8243;][vc_empty_space height=&#8221;48px&#8221;][vc_column_text]<\/p>\n<h1><span style=\"color: #edb51e;\">Corone e ponti<\/span><\/h1>\n<p>[\/vc_column_text][vc_empty_space height=&#8221;24px&#8221;][vc_column_text]Le corone in ceramica, dette anche corone o coperchi in porcellana, sono la soluzione protesica pi\u00f9 comune in caso di danno funzionale (grande perdita di denti causata da carie o frattura) o estetico (effetto antibiotico in giovent\u00f9, colorazione genetica, ecc.).[\/vc_column_text][vc_empty_space height=&#8221;20px&#8221;][vc_column_text]Sono realizzati in ceramica che imita perfettamente il colore del dente e la corona stessa protegge il dente da ulteriori danni e ne previene un ulteriore decadimento.[\/vc_column_text][vc_empty_space height=&#8221;20px&#8221;][vc_column_text]La carie non pu\u00f2 attaccare la corona, ma pu\u00f2 danneggiare il dente sotto la corona se il paziente non ha mantenuto una buona igiene, cio\u00e8 se non sono state prese misure aggiuntive per mantenere il lavoro protesico. Altrimenti, la loro durata pu\u00f2 essere di 10-20 anni.[\/vc_column_text][vc_empty_space height=&#8221;20px&#8221;][vc_column_text]Con una corona in ceramica \u00e8 possibile correggere l&#8217;aspetto e il colore dei denti per ottenere un sorriso bello e naturale.<\/p>\n<p>Il ponte, d&#8217;altra parte, pu\u00f2 sostituire i denti mancanti affinando i denti adiacenti per farne supporti. Se il ponte in ceramica \u00e8 realizzato correttamente, \u00e8 una soluzione di qualit\u00e0 che impedisce al cibo di entrare sotto il ponte mentre il paziente stesso non sente che gli manca un dente come supporto durante la masticazione.[\/vc_column_text][\/vc_column][vc_column width=&#8221;1\/2&#8243;][vc_empty_space height=&#8221;48px&#8221;][vc_single_image image=&#8221;500&#8243; img_size=&#8221;large&#8221; qode_css_animation=&#8221;&#8221; el_class=&#8221;sakrij&#8221;][\/vc_column][\/vc_row][vc_row css_animation=&#8221;&#8221; row_type=&#8221;row&#8221; use_row_as_full_screen_section=&#8221;no&#8221; type=&#8221;full_width&#8221; angled_section=&#8221;no&#8221; text_align=&#8221;left&#8221; background_image_as_pattern=&#8221;without_pattern&#8221;][vc_column][vc_empty_space height=&#8221;48px&#8221;][\/vc_column][\/vc_row]<\/p>\n","protected":false},"excerpt":{"rendered":"<p>[vc_row css_animation=&#8221;&#8221; row_type=&#8221;row&#8221; use_row_as_full_screen_section=&#8221;no&#8221; type=&#8221;grid&#8221; angled_section=&#8221;no&#8221; text_align=&#8221;left&#8221; background_image_as_pattern=&#8221;without_pattern&#8221; z_index=&#8221;&#8221;][vc_column width=&#8221;1\/2&#8243;][vc_empty_space height=&#8221;48px&#8221;][vc_column_text] Corone e ponti [\/vc_column_text][vc_empty_space height=&#8221;24px&#8221;][vc_column_text]Le corone in ceramica, dette anche corone o coperchi in porcellana, sono la soluzione protesica pi\u00f9 comune in caso di danno funzionale (grande perdita di denti causata da carie o&#8230;<\/p>\n","protected":false},"author":1,"featured_media":0,"parent":1183,"menu_order":0,"comment_status":"closed","ping_status":"closed","template":"full_width.php","meta":{"_links_to":"","_links_to_target":""},"yoast_head":"<!-- This site is optimized with the Yoast SEO plugin v20.1 - https:\/\/yoast.com\/wordpress\/plugins\/seo\/ -->\n<title>Corone e ponti - Dentelli* Mall of Split<\/title>\n<meta name=\"robots\" content=\"index, follow, max-snippet:-1, max-image-preview:large, max-video-preview:-1\" \/>\n<link rel=\"canonical\" href=\"https:\/\/dentelli.hr\/it\/servizi\/corone-e-ponti\/\" \/>\n<meta property=\"og:locale\" content=\"it_IT\" \/>\n<meta property=\"og:type\" content=\"article\" \/>\n<meta property=\"og:title\" content=\"Corone e ponti - Dentelli* Mall of Split\" \/>\n<meta property=\"og:description\" content=\"[vc_row css_animation=&#8221;&#8221; row_type=&#8221;row&#8221; use_row_as_full_screen_section=&#8221;no&#8221; type=&#8221;grid&#8221; angled_section=&#8221;no&#8221; text_align=&#8221;left&#8221; background_image_as_pattern=&#8221;without_pattern&#8221; z_index=&#8221;&#8221;][vc_column width=&#8221;1\/2&#8243;][vc_empty_space height=&#8221;48px&#8221;][vc_column_text] Corone e ponti [\/vc_column_text][vc_empty_space height=&#8221;24px&#8221;][vc_column_text]Le corone in ceramica, dette anche corone o coperchi in porcellana, sono la soluzione protesica pi\u00f9 comune in caso di danno funzionale (grande perdita di denti causata da carie o...\" \/>\n<meta property=\"og:url\" content=\"https:\/\/dentelli.hr\/it\/servizi\/corone-e-ponti\/\" \/>\n<meta property=\"og:site_name\" content=\"Dentelli* Mall of Split\" \/>\n<meta property=\"article:publisher\" content=\"https:\/\/www.facebook.com\/dentelli.split\/\" \/>\n<meta property=\"article:modified_time\" content=\"2021-08-11T11:22:26+00:00\" \/>\n<meta name=\"twitter:card\" content=\"summary_large_image\" \/>\n<meta name=\"twitter:site\" content=\"@dentellic\" \/>\n<meta name=\"twitter:label1\" content=\"Tempo di lettura stimato\" \/>\n\t<meta name=\"twitter:data1\" content=\"1 minuto\" \/>\n<script type=\"application\/ld+json\" class=\"yoast-schema-graph\">{\"@context\":\"https:\/\/schema.org\",\"@graph\":[{\"@type\":\"WebPage\",\"@id\":\"https:\/\/dentelli.hr\/it\/servizi\/corone-e-ponti\/\",\"url\":\"https:\/\/dentelli.hr\/it\/servizi\/corone-e-ponti\/\",\"name\":\"Corone e ponti - Dentelli* Mall of Split\",\"isPartOf\":{\"@id\":\"https:\/\/dentelli.hr\/#website\"},\"datePublished\":\"2021-08-11T11:22:25+00:00\",\"dateModified\":\"2021-08-11T11:22:26+00:00\",\"breadcrumb\":{\"@id\":\"https:\/\/dentelli.hr\/it\/servizi\/corone-e-ponti\/#breadcrumb\"},\"inLanguage\":\"it-IT\",\"potentialAction\":[{\"@type\":\"ReadAction\",\"target\":[\"https:\/\/dentelli.hr\/it\/servizi\/corone-e-ponti\/\"]}]},{\"@type\":\"BreadcrumbList\",\"@id\":\"https:\/\/dentelli.hr\/it\/servizi\/corone-e-ponti\/#breadcrumb\",\"itemListElement\":[{\"@type\":\"ListItem\",\"position\":1,\"name\":\"Home\",\"item\":\"https:\/\/dentelli.hr\/it\/\"},{\"@type\":\"ListItem\",\"position\":2,\"name\":\"Servizi\",\"item\":\"https:\/\/dentelli.hr\/it\/servizi\/\"},{\"@type\":\"ListItem\",\"position\":3,\"name\":\"Corone e ponti\"}]},{\"@type\":\"WebSite\",\"@id\":\"https:\/\/dentelli.hr\/#website\",\"url\":\"https:\/\/dentelli.hr\/\",\"name\":\"Dentelli* - KLINIKA ZA DENTALNU MEDICINU\",\"description\":\"KLINIKA ZA DENTALNU MEDICINU\",\"publisher\":{\"@id\":\"https:\/\/dentelli.hr\/#organization\"},\"potentialAction\":[{\"@type\":\"SearchAction\",\"target\":{\"@type\":\"EntryPoint\",\"urlTemplate\":\"https:\/\/dentelli.hr\/?s={search_term_string}\"},\"query-input\":\"required name=search_term_string\"}],\"inLanguage\":\"it-IT\"},{\"@type\":\"Organization\",\"@id\":\"https:\/\/dentelli.hr\/#organization\",\"name\":\"DENTELLI - KLINIKA ZA DENTALNU MEDICINU\",\"url\":\"https:\/\/dentelli.hr\/\",\"logo\":{\"@type\":\"ImageObject\",\"inLanguage\":\"it-IT\",\"@id\":\"https:\/\/dentelli.hr\/#\/schema\/logo\/image\/\",\"url\":\"https:\/\/dentelli.hr\/wp-content\/uploads\/2019\/07\/dentelli_logo-2.png\",\"contentUrl\":\"https:\/\/dentelli.hr\/wp-content\/uploads\/2019\/07\/dentelli_logo-2.png\",\"width\":181,\"height\":52,\"caption\":\"DENTELLI - KLINIKA ZA DENTALNU MEDICINU\"},\"image\":{\"@id\":\"https:\/\/dentelli.hr\/#\/schema\/logo\/image\/\"},\"sameAs\":[\"https:\/\/www.facebook.com\/dentelli.split\/\",\"https:\/\/twitter.com\/dentellic\",\"https:\/\/www.instagram.com\/dentelli.split\/\",\"https:\/\/www.youtube.com\/channel\/UC_o4suAMvCWhJOCmrbyKKiA\"]}]}<\/script>\n<!-- \/ Yoast SEO plugin. -->","yoast_head_json":{"title":"Corone e ponti - Dentelli* Mall of Split","robots":{"index":"index","follow":"follow","max-snippet":"max-snippet:-1","max-image-preview":"max-image-preview:large","max-video-preview":"max-video-preview:-1"},"canonical":"https:\/\/dentelli.hr\/it\/servizi\/corone-e-ponti\/","og_locale":"it_IT","og_type":"article","og_title":"Corone e ponti - Dentelli* Mall of Split","og_description":"[vc_row css_animation=&#8221;&#8221; row_type=&#8221;row&#8221; use_row_as_full_screen_section=&#8221;no&#8221; type=&#8221;grid&#8221; angled_section=&#8221;no&#8221; text_align=&#8221;left&#8221; background_image_as_pattern=&#8221;without_pattern&#8221; z_index=&#8221;&#8221;][vc_column width=&#8221;1\/2&#8243;][vc_empty_space height=&#8221;48px&#8221;][vc_column_text] Corone e ponti [\/vc_column_text][vc_empty_space height=&#8221;24px&#8221;][vc_column_text]Le corone in ceramica, dette anche corone o coperchi in porcellana, sono la soluzione protesica pi\u00f9 comune in caso di danno funzionale (grande perdita di denti causata da carie o...","og_url":"https:\/\/dentelli.hr\/it\/servizi\/corone-e-ponti\/","og_site_name":"Dentelli* Mall of Split","article_publisher":"https:\/\/www.facebook.com\/dentelli.split\/","article_modified_time":"2021-08-11T11:22:26+00:00","twitter_card":"summary_large_image","twitter_site":"@dentellic","twitter_misc":{"Tempo di lettura stimato":"1 minuto"},"schema":{"@context":"https:\/\/schema.org","@graph":[{"@type":"WebPage","@id":"https:\/\/dentelli.hr\/it\/servizi\/corone-e-ponti\/","url":"https:\/\/dentelli.hr\/it\/servizi\/corone-e-ponti\/","name":"Corone e ponti - Dentelli* Mall of Split","isPartOf":{"@id":"https:\/\/dentelli.hr\/#website"},"datePublished":"2021-08-11T11:22:25+00:00","dateModified":"2021-08-11T11:22:26+00:00","breadcrumb":{"@id":"https:\/\/dentelli.hr\/it\/servizi\/corone-e-ponti\/#breadcrumb"},"inLanguage":"it-IT","potentialAction":[{"@type":"ReadAction","target":["https:\/\/dentelli.hr\/it\/servizi\/corone-e-ponti\/"]}]},{"@type":"BreadcrumbList","@id":"https:\/\/dentelli.hr\/it\/servizi\/corone-e-ponti\/#breadcrumb","itemListElement":[{"@type":"ListItem","position":1,"name":"Home","item":"https:\/\/dentelli.hr\/it\/"},{"@type":"ListItem","position":2,"name":"Servizi","item":"https:\/\/dentelli.hr\/it\/servizi\/"},{"@type":"ListItem","position":3,"name":"Corone e ponti"}]},{"@type":"WebSite","@id":"https:\/\/dentelli.hr\/#website","url":"https:\/\/dentelli.hr\/","name":"Dentelli* - KLINIKA ZA DENTALNU MEDICINU","description":"KLINIKA ZA DENTALNU MEDICINU","publisher":{"@id":"https:\/\/dentelli.hr\/#organization"},"potentialAction":[{"@type":"SearchAction","target":{"@type":"EntryPoint","urlTemplate":"https:\/\/dentelli.hr\/?s={search_term_string}"},"query-input":"required name=search_term_string"}],"inLanguage":"it-IT"},{"@type":"Organization","@id":"https:\/\/dentelli.hr\/#organization","name":"DENTELLI - KLINIKA ZA DENTALNU MEDICINU","url":"https:\/\/dentelli.hr\/","logo":{"@type":"ImageObject","inLanguage":"it-IT","@id":"https:\/\/dentelli.hr\/#\/schema\/logo\/image\/","url":"https:\/\/dentelli.hr\/wp-content\/uploads\/2019\/07\/dentelli_logo-2.png","contentUrl":"https:\/\/dentelli.hr\/wp-content\/uploads\/2019\/07\/dentelli_logo-2.png","width":181,"height":52,"caption":"DENTELLI - KLINIKA ZA DENTALNU MEDICINU"},"image":{"@id":"https:\/\/dentelli.hr\/#\/schema\/logo\/image\/"},"sameAs":["https:\/\/www.facebook.com\/dentelli.split\/","https:\/\/twitter.com\/dentellic","https:\/\/www.instagram.com\/dentelli.split\/","https:\/\/www.youtube.com\/channel\/UC_o4suAMvCWhJOCmrbyKKiA"]}]}},"_links":{"self":[{"href":"https:\/\/dentelli.hr\/it\/wp-json\/wp\/v2\/pages\/1214"}],"collection":[{"href":"https:\/\/dentelli.hr\/it\/wp-json\/wp\/v2\/pages"}],"about":[{"href":"https:\/\/dentelli.hr\/it\/wp-json\/wp\/v2\/types\/page"}],"author":[{"embeddable":true,"href":"https:\/\/dentelli.hr\/it\/wp-json\/wp\/v2\/users\/1"}],"replies":[{"embeddable":true,"href":"https:\/\/dentelli.hr\/it\/wp-json\/wp\/v2\/comments?post=1214"}],"version-history":[{"count":1,"href":"https:\/\/dentelli.hr\/it\/wp-json\/wp\/v2\/pages\/1214\/revisions"}],"predecessor-version":[{"id":1215,"href":"https:\/\/dentelli.hr\/it\/wp-json\/wp\/v2\/pages\/1214\/revisions\/1215"}],"up":[{"embeddable":true,"href":"https:\/\/dentelli.hr\/it\/wp-json\/wp\/v2\/pages\/1183"}],"wp:attachment":[{"href":"https:\/\/dentelli.hr\/it\/wp-json\/wp\/v2\/media?parent=1214"}],"curies":[{"name":"wp","href":"https:\/\/api.w.org\/{rel}","templated":true}]}}