{"id":1183,"date":"2021-08-12T10:26:14","date_gmt":"2021-08-12T08:26:14","guid":{"rendered":"https:\/\/dentelli.hr\/?page_id=1183"},"modified":"2021-08-12T10:33:32","modified_gmt":"2021-08-12T08:33:32","slug":"servizi","status":"publish","type":"page","link":"https:\/\/dentelli.hr\/it\/servizi\/","title":{"rendered":"Servizi"},"content":{"rendered":"<p>[vc_row css_animation=&#8221;&#8221; row_type=&#8221;row&#8221; use_row_as_full_screen_section=&#8221;no&#8221; type=&#8221;grid&#8221; angled_section=&#8221;no&#8221; text_align=&#8221;left&#8221; background_image_as_pattern=&#8221;without_pattern&#8221; css=&#8221;.vc_custom_1519376383102{padding-bottom: 140px !important;background-color: #ffffff !important;}&#8221; z_index=&#8221;&#8221;][vc_column offset=&#8221;vc_col-lg-4 vc_col-md-4&#8243; el_class=&#8221;disable-neg-margin-resp&#8221;][vc_empty_space height=&#8221;80px&#8221;]<div class=\"image_with_text\"><img itemprop=\"image\" src=\"https:\/\/dentelli.hr\/wp-content\/uploads\/2019\/09\/profilaksa.jpg\" alt=\"Profilassi\" \/><h2 >Profilassi<\/h2><span style=\"margin: 6px 0px;\" class=\"separator transparent\"><\/span>La rimozione dei calcoli non deve pi\u00f9 essere un&#8217;esperienza spiacevole. La nostra clinica \u00e8 dotata&#8230;<\/div>[vc_empty_space height=&#8221;22px&#8221;]\n\n\t<a href=\"https:\/\/dentelli.hr\/it\/servizi\/profilassi\/\" target=\"_self\" style=\"color: #edb51e;font-weight: 600\" class=\"qode-btn qode-btn-medium qode-btn-simple qode-btn-custom-hover-color qode-btn-default-hover\" data-hover-color=\"#edb51e\" >\n\t    <span class=\"qode-btn-text\">Scopra di pi\u00f9<\/span>\t<\/a>\n\n[vc_empty_space height=&#8221;80px&#8221;]<div class=\"image_with_text\"><img itemprop=\"image\" src=\"https:\/\/dentelli.hr\/wp-content\/uploads\/2019\/09\/dsd1.jpg\" alt=\"Digital Smile Design\" \/><h2 >Digital Smile Design<\/h2><span style=\"margin: 6px 0px;\" class=\"separator transparent\"><\/span>Digital Smile Design \u00e8 un concetto di creazione sul computer di un sorriso perfetto&#8230;<\/div>[vc_empty_space height=&#8221;22px&#8221;]\n\n\t<a href=\"https:\/\/dentelli.hr\/it\/servizi\/digital-smile-design\" target=\"_self\" style=\"color: #edb51e;font-weight: 600\" class=\"qode-btn qode-btn-medium qode-btn-simple qode-btn-custom-hover-color qode-btn-default-hover\" data-hover-color=\"#edb51e\" >\n\t    <span class=\"qode-btn-text\">Scopra di pi\u00f9<\/span>\t<\/a>\n\n[vc_empty_space height=&#8221;80px&#8221;]<div class=\"image_with_text\"><img itemprop=\"image\" src=\"https:\/\/dentelli.hr\/wp-content\/uploads\/2019\/09\/navlake.jpg\" alt=\"Corone e ponti\" \/><h2 >Corone e ponti<\/h2><span style=\"margin: 6px 0px;\" class=\"separator transparent\"><\/span>Le corone in ceramica, dette anche corone o coperchi in porcellana, sono la soluzione protesica pi\u00f9 comune&#8230;<\/div>[vc_empty_space height=&#8221;22px&#8221;]\n\n\t<a href=\"https:\/\/dentelli.hr\/it\/servizi\/corone-e-ponti\/\" target=\"_self\" style=\"color: #edb51e;font-weight: 600\" class=\"qode-btn qode-btn-medium qode-btn-simple qode-btn-custom-hover-color qode-btn-default-hover\" data-hover-color=\"#edb51e\" >\n\t    <span class=\"qode-btn-text\">Scopra di pi\u00f9<\/span>\t<\/a>\n\n[vc_empty_space height=&#8221;80px&#8221;]<div class=\"image_with_text\"><img itemprop=\"image\" src=\"https:\/\/dentelli.hr\/wp-content\/uploads\/2019\/09\/proteze-1.jpg\" alt=\"Protesi totali e parziali\" \/><h2 >Protesi totali e parziali<\/h2><span style=\"margin: 6px 0px;\" class=\"separator transparent\"><\/span>A volte i pazienti, in particolare quegli anziani e di condizioni di salute pi\u00f9 precarie, desiderano una buona protesi classica che sembri &#8230;<\/div>[vc_empty_space height=&#8221;22px&#8221;]\n\n\t<a href=\"https:\/\/dentelli.hr\/it\/servizi\/protesi-totali-e-parziali\" target=\"_self\" style=\"color: #edb51e;font-weight: 600\" class=\"qode-btn qode-btn-medium qode-btn-simple qode-btn-custom-hover-color qode-btn-default-hover\" data-hover-color=\"#edb51e\" >\n\t    <span class=\"qode-btn-text\">Scopra di pi\u00f9<\/span>\t<\/a>\n\n[vc_empty_space height=&#8221;80px&#8221;]<div class=\"image_with_text\"><img itemprop=\"image\" src=\"https:\/\/dentelli.hr\/wp-content\/uploads\/2019\/09\/ortodoncija.jpg\" alt=\"Ortodonzia\" \/><h2 >Ortodonzia<\/h2><span style=\"margin: 6px 0px;\" class=\"separator transparent\"><\/span>Prevenire una potenziale anomalia ortodontica in tenera et\u00e0 \u00e8 sempre meglio che affrontare le conseguenze del problema quando gi\u00e0 si verifica&#8230;<\/div>[vc_empty_space height=&#8221;22px&#8221;]\n\n\t<a href=\"https:\/\/dentelli.hr\/it\/servizi\/ortodonzia\" target=\"_self\" style=\"color: #edb51e;font-weight: 600\" class=\"qode-btn qode-btn-medium qode-btn-simple qode-btn-custom-hover-color qode-btn-default-hover\" data-hover-color=\"#edb51e\" >\n\t    <span class=\"qode-btn-text\">Scopra di pi\u00f9<\/span>\t<\/a>\n\n[\/vc_column][vc_column offset=&#8221;vc_col-lg-4 vc_col-md-4&#8243; el_class=&#8221;disable-neg-margin-resp&#8221;][vc_empty_space height=&#8221;80px&#8221;]<div class=\"image_with_text\"><img itemprop=\"image\" src=\"https:\/\/dentelli.hr\/wp-content\/uploads\/2019\/09\/ljuskice-1.jpg\" alt=\"Faccette\" \/><h2 >Faccette<\/h2><span style=\"margin: 6px 0px;\" class=\"separator transparent\"><\/span>Le faccette presentano una soluzione rapida e popolare per le irregolarit\u00e0 nella forma e nel colore dei denti&#8230;<\/div>[vc_empty_space height=&#8221;22px&#8221;]\n\n\t<a href=\"https:\/\/dentelli.hr\/it\/servizi\/faccette\/\" target=\"_self\" style=\"color: #edb51e;font-weight: 600\" class=\"qode-btn qode-btn-medium qode-btn-simple qode-btn-custom-hover-color qode-btn-default-hover\" data-hover-color=\"#edb51e\" >\n\t    <span class=\"qode-btn-text\">Scopra di pi\u00f9<\/span>\t<\/a>\n\n[vc_empty_space height=&#8221;80px&#8221;]<div class=\"image_with_text\"><img itemprop=\"image\" src=\"https:\/\/dentelli.hr\/wp-content\/uploads\/2019\/09\/endodoncija.jpg\" alt=\"Endodonzia\" \/><h2 >Endodonzia<\/h2><span style=\"margin: 6px 0px;\" class=\"separator transparent\"><\/span>Quando si parla di endodonzia, si tratta di una terapia canalare necessaria dopo la progressione della carie&#8230;<\/div>[vc_empty_space height=&#8221;22px&#8221;]\n\n\t<a href=\"https:\/\/dentelli.hr\/it\/servizi\/endodonzia\" target=\"_self\" style=\"color: #edb51e;font-weight: 600\" class=\"qode-btn qode-btn-medium qode-btn-simple qode-btn-custom-hover-color qode-btn-default-hover\" data-hover-color=\"#edb51e\" >\n\t    <span class=\"qode-btn-text\">Scopra di pi\u00f9<\/span>\t<\/a>\n\n[vc_empty_space height=&#8221;80px&#8221;]<div class=\"image_with_text\"><img itemprop=\"image\" src=\"https:\/\/dentelli.hr\/wp-content\/uploads\/2019\/09\/djecja.jpg\" alt=\"Odontoiatria pediatrica\" \/><h2 >Odontoiatria pediatrica<\/h2><span style=\"margin: 6px 0px;\" class=\"separator transparent\"><\/span>Ogni buon dentista \u00e8 consapevole del ruolo impegnativo in cui si trova quando un bambino si siede sulla&#8230;<\/div>[vc_empty_space height=&#8221;22px&#8221;]\n\n\t<a href=\"https:\/\/dentelli.hr\/it\/servizi\/odontoiatria-pediatrica\/\" target=\"_self\" style=\"color: #edb51e;font-weight: 600\" class=\"qode-btn qode-btn-medium qode-btn-simple qode-btn-custom-hover-color qode-btn-default-hover\" data-hover-color=\"#edb51e\" >\n\t    <span class=\"qode-btn-text\">Scopra di pi\u00f9<\/span>\t<\/a>\n\n[vc_empty_space height=&#8221;80px&#8221;]<div class=\"image_with_text\"><img itemprop=\"image\" src=\"https:\/\/dentelli.hr\/wp-content\/uploads\/2019\/09\/rtg-1.jpg\" alt=\"Diagnostica a raggi X\" \/><h2 >Diagnostica a raggi X<\/h2><span style=\"margin: 6px 0px;\" class=\"separator transparent\"><\/span>Un&#8217;attrezzatura di qualit\u00e0 \u00e8 estremamente importante e consente ai medici di diagnosticare pi\u00f9 facilmente eventuali problemi ai denti&#8230;<\/div>[vc_empty_space height=&#8221;22px&#8221;]\n\n\t<a href=\"https:\/\/dentelli.hr\/it\/servizi\/diagnostica-a-raggi-x\/\" target=\"_self\" style=\"color: #edb51e;font-weight: 600\" class=\"qode-btn qode-btn-medium qode-btn-simple qode-btn-custom-hover-color qode-btn-default-hover\" data-hover-color=\"#edb51e\" >\n\t    <span class=\"qode-btn-text\">Scopra di pi\u00f9<\/span>\t<\/a>\n\n[vc_empty_space height=&#8221;80px&#8221;]<div class=\"image_with_text\"><img itemprop=\"image\" src=\"https:\/\/dentelli.hr\/wp-content\/uploads\/2019\/09\/parodontologija.jpg\" alt=\"Parodontologia\" \/><h2 >Parodontologia<\/h2><span style=\"margin: 6px 0px;\" class=\"separator transparent\"><\/span>La parodontologia comprende la terapia della parodontite (infiammazione delle gengive), la chirurgia rigenerativa, la terapia di &#8230;<\/div>[vc_empty_space height=&#8221;22px&#8221;]\n\n\t<a href=\"https:\/\/dentelli.hr\/it\/servizi\/parodontologia\" target=\"_self\" style=\"color: #edb51e;font-weight: 600\" class=\"qode-btn qode-btn-medium qode-btn-simple qode-btn-custom-hover-color qode-btn-default-hover\" data-hover-color=\"#edb51e\" >\n\t    <span class=\"qode-btn-text\">Scopra di pi\u00f9<\/span>\t<\/a>\n\n[\/vc_column][vc_column offset=&#8221;vc_col-lg-4 vc_col-md-4&#8243; el_class=&#8221;disable-neg-margin-resp&#8221;][vc_empty_space height=&#8221;80px&#8221;]<div class=\"image_with_text\"><img itemprop=\"image\" src=\"https:\/\/dentelli.hr\/wp-content\/uploads\/2019\/09\/implantati-1.jpg\" alt=\"Impianti e All-on-Four\" \/><h2 >Impianti e All-on-Four<\/h2><span style=\"margin: 6px 0px;\" class=\"separator transparent\"><\/span>La perdita di un dente causata da trauma, parodontite o estrazione del dente pu\u00f2 causare una serie di difficolt\u00e0&#8230;<\/div>[vc_empty_space height=&#8221;22px&#8221;]\n\n\t<a href=\"https:\/\/dentelli.hr\/it\/servizi\/impianti-e-all-on-four\" target=\"_self\" style=\"color: #edb51e;font-weight: 600\" class=\"qode-btn qode-btn-medium qode-btn-simple qode-btn-custom-hover-color qode-btn-default-hover\" data-hover-color=\"#edb51e\" >\n\t    <span class=\"qode-btn-text\">Scopra di pi\u00f9<\/span>\t<\/a>\n\n[vc_empty_space height=&#8221;80px&#8221;]<div class=\"image_with_text\"><img itemprop=\"image\" src=\"https:\/\/dentelli.hr\/wp-content\/uploads\/2019\/09\/ispuni.jpg\" alt=\"Otturazioni\" \/><h2 >Otturazioni<\/h2><span style=\"margin: 6px 0px;\" class=\"separator transparent\"><\/span>Otturazioni, meglio conosciute come &#8220;amalgami&#8221;, sostituiscono una parte rotta di un dente&#8230;<\/div>[vc_empty_space height=&#8221;22px&#8221;]\n\n\t<a href=\"https:\/\/dentelli.hr\/it\/servizi\/otturazioni\" target=\"_self\" style=\"color: #edb51e;font-weight: 600\" class=\"qode-btn qode-btn-medium qode-btn-simple qode-btn-custom-hover-color qode-btn-default-hover\" data-hover-color=\"#edb51e\" >\n\t    <span class=\"qode-btn-text\">Scopra di pi\u00f9<\/span>\t<\/a>\n\n[vc_empty_space height=&#8221;80px&#8221;]<div class=\"image_with_text\"><img itemprop=\"image\" src=\"https:\/\/dentelli.hr\/wp-content\/uploads\/2019\/09\/izbjeljivanje.jpg\" alt=\"Sbiancamento\" \/><h2 >Sbiancamento<\/h2><span style=\"margin: 6px 0px;\" class=\"separator transparent\"><\/span>I denti di ogni individuo hanno un pigmento, cio\u00e8 colore caratteristico, che pu\u00f2 cambiare quando \u00e8 esposto&#8230;<\/div>[vc_empty_space height=&#8221;22px&#8221;]\n\n\t<a href=\"https:\/\/dentelli.hr\/it\/servizi\/sbiancamento\/\" target=\"_self\" style=\"color: #edb51e;font-weight: 600\" class=\"qode-btn qode-btn-medium qode-btn-simple qode-btn-custom-hover-color qode-btn-default-hover\" data-hover-color=\"#edb51e\" >\n\t    <span class=\"qode-btn-text\">Scopra di pi\u00f9<\/span>\t<\/a>\n\n[vc_empty_space height=&#8221;80px&#8221;]<div class=\"image_with_text\"><img itemprop=\"image\" src=\"https:\/\/dentelli.hr\/wp-content\/uploads\/2019\/09\/Oralna-kirurgija.jpg\" alt=\"Chirurgia orale\" \/><h2 >Chirurgia orale<\/h2><span style=\"margin: 6px 0px;\" class=\"separator transparent\"><\/span>Il solo pensiero dell&#8217;estrazione del dente sembra spaventoso per molti pazienti, ma nella nostra clinica questa procedura \u00e8 completamente indolore&#8230;<\/div>[vc_empty_space height=&#8221;22px&#8221;]\n\n\t<a href=\"https:\/\/dentelli.hr\/it\/servizi\/chirurgia-orale\" target=\"_self\" style=\"color: #edb51e;font-weight: 600\" class=\"qode-btn qode-btn-medium qode-btn-simple qode-btn-custom-hover-color qode-btn-default-hover\" data-hover-color=\"#edb51e\" >\n\t    <span class=\"qode-btn-text\">Scopra di pi\u00f9<\/span>\t<\/a>\n\n[vc_empty_space height=&#8221;80px&#8221;]<div class=\"image_with_text\"><img itemprop=\"image\" src=\"https:\/\/dentelli.hr\/wp-content\/uploads\/2019\/09\/Hijaluronski-filleri.jpg\" alt=\"Filler ialuronici\" \/><h2 >Filler ialuronici<\/h2><span style=\"margin: 6px 0px;\" class=\"separator transparent\"><\/span>L&#8217;acido ialuronico \u00e8 una sostanza naturale del tessuto connettivo che alla pelle dona compattezza, elasticit\u00e0 e ne mantiene l&#8217;idratazione&#8230;<\/div>[vc_empty_space height=&#8221;22px&#8221;]\n\n\t<a href=\"https:\/\/dentelli.hr\/it\/servizi\/filler-ialuronici\/\" target=\"_self\" style=\"color: #edb51e;font-weight: 600\" class=\"qode-btn qode-btn-medium qode-btn-simple qode-btn-custom-hover-color qode-btn-default-hover\" data-hover-color=\"#edb51e\" >\n\t    <span class=\"qode-btn-text\">Scopra di pi\u00f9<\/span>\t<\/a>\n\n[\/vc_column][\/vc_row]<\/p>\n","protected":false},"excerpt":{"rendered":"<p>[vc_row css_animation=&#8221;&#8221; row_type=&#8221;row&#8221; use_row_as_full_screen_section=&#8221;no&#8221; type=&#8221;grid&#8221; angled_section=&#8221;no&#8221; text_align=&#8221;left&#8221; background_image_as_pattern=&#8221;without_pattern&#8221; css=&#8221;.vc_custom_1519376383102{padding-bottom: 140px !important;background-color: #ffffff !important;}&#8221; z_index=&#8221;&#8221;][vc_column offset=&#8221;vc_col-lg-4 vc_col-md-4&#8243; el_class=&#8221;disable-neg-margin-resp&#8221;][vc_empty_space height=&#8221;80px&#8221;][vc_empty_space height=&#8221;22px&#8221;][vc_empty_space height=&#8221;80px&#8221;][vc_empty_space height=&#8221;22px&#8221;][vc_empty_space height=&#8221;80px&#8221;][vc_empty_space height=&#8221;22px&#8221;][vc_empty_space height=&#8221;80px&#8221;][vc_empty_space height=&#8221;22px&#8221;][vc_empty_space height=&#8221;80px&#8221;][vc_empty_space height=&#8221;22px&#8221;][\/vc_column][vc_column offset=&#8221;vc_col-lg-4 vc_col-md-4&#8243; el_class=&#8221;disable-neg-margin-resp&#8221;][vc_empty_space height=&#8221;80px&#8221;][vc_empty_space height=&#8221;22px&#8221;][vc_empty_space height=&#8221;80px&#8221;][vc_empty_space height=&#8221;22px&#8221;][vc_empty_space height=&#8221;80px&#8221;][vc_empty_space height=&#8221;22px&#8221;][vc_empty_space height=&#8221;80px&#8221;][vc_empty_space height=&#8221;22px&#8221;][vc_empty_space height=&#8221;80px&#8221;][vc_empty_space height=&#8221;22px&#8221;][\/vc_column][vc_column offset=&#8221;vc_col-lg-4 vc_col-md-4&#8243; el_class=&#8221;disable-neg-margin-resp&#8221;][vc_empty_space height=&#8221;80px&#8221;][vc_empty_space height=&#8221;22px&#8221;][vc_empty_space&#8230;<\/p>\n","protected":false},"author":1,"featured_media":0,"parent":0,"menu_order":0,"comment_status":"closed","ping_status":"closed","template":"full_width.php","meta":{"_links_to":"","_links_to_target":""},"yoast_head":"<!-- This site is optimized with the Yoast SEO plugin v20.1 - https:\/\/yoast.com\/wordpress\/plugins\/seo\/ -->\n<title>Servizi - Dentelli* Mall of Split<\/title>\n<meta name=\"robots\" content=\"index, follow, max-snippet:-1, max-image-preview:large, max-video-preview:-1\" \/>\n<link rel=\"canonical\" href=\"https:\/\/dentelli.hr\/it\/servizi\/\" \/>\n<meta property=\"og:locale\" content=\"it_IT\" \/>\n<meta property=\"og:type\" content=\"article\" \/>\n<meta property=\"og:title\" content=\"Servizi - Dentelli* Mall of Split\" \/>\n<meta property=\"og:description\" content=\"[vc_row css_animation=&#8221;&#8221; row_type=&#8221;row&#8221; use_row_as_full_screen_section=&#8221;no&#8221; type=&#8221;grid&#8221; angled_section=&#8221;no&#8221; text_align=&#8221;left&#8221; background_image_as_pattern=&#8221;without_pattern&#8221; css=&#8221;.vc_custom_1519376383102{padding-bottom: 140px !important;background-color: #ffffff !important;}&#8221; z_index=&#8221;&#8221;][vc_column offset=&#8221;vc_col-lg-4 vc_col-md-4&#8243; el_class=&#8221;disable-neg-margin-resp&#8221;][vc_empty_space height=&#8221;80px&#8221;][vc_empty_space height=&#8221;22px&#8221;][vc_empty_space height=&#8221;80px&#8221;][vc_empty_space height=&#8221;22px&#8221;][vc_empty_space height=&#8221;80px&#8221;][vc_empty_space height=&#8221;22px&#8221;][vc_empty_space height=&#8221;80px&#8221;][vc_empty_space height=&#8221;22px&#8221;][vc_empty_space height=&#8221;80px&#8221;][vc_empty_space height=&#8221;22px&#8221;][\/vc_column][vc_column offset=&#8221;vc_col-lg-4 vc_col-md-4&#8243; el_class=&#8221;disable-neg-margin-resp&#8221;][vc_empty_space height=&#8221;80px&#8221;][vc_empty_space height=&#8221;22px&#8221;][vc_empty_space height=&#8221;80px&#8221;][vc_empty_space height=&#8221;22px&#8221;][vc_empty_space height=&#8221;80px&#8221;][vc_empty_space height=&#8221;22px&#8221;][vc_empty_space height=&#8221;80px&#8221;][vc_empty_space height=&#8221;22px&#8221;][vc_empty_space height=&#8221;80px&#8221;][vc_empty_space height=&#8221;22px&#8221;][\/vc_column][vc_column offset=&#8221;vc_col-lg-4 vc_col-md-4&#8243; el_class=&#8221;disable-neg-margin-resp&#8221;][vc_empty_space height=&#8221;80px&#8221;][vc_empty_space height=&#8221;22px&#8221;][vc_empty_space...\" \/>\n<meta property=\"og:url\" content=\"https:\/\/dentelli.hr\/it\/servizi\/\" \/>\n<meta property=\"og:site_name\" content=\"Dentelli* Mall of Split\" \/>\n<meta property=\"article:publisher\" content=\"https:\/\/www.facebook.com\/dentelli.split\/\" \/>\n<meta property=\"article:modified_time\" content=\"2021-08-12T08:33:32+00:00\" \/>\n<meta name=\"twitter:card\" content=\"summary_large_image\" \/>\n<meta name=\"twitter:site\" content=\"@dentellic\" \/>\n<meta name=\"twitter:label1\" content=\"Tempo di lettura stimato\" \/>\n\t<meta name=\"twitter:data1\" content=\"3 minuti\" \/>\n<script type=\"application\/ld+json\" class=\"yoast-schema-graph\">{\"@context\":\"https:\/\/schema.org\",\"@graph\":[{\"@type\":\"WebPage\",\"@id\":\"https:\/\/dentelli.hr\/it\/servizi\/\",\"url\":\"https:\/\/dentelli.hr\/it\/servizi\/\",\"name\":\"Servizi - Dentelli* Mall of Split\",\"isPartOf\":{\"@id\":\"https:\/\/dentelli.hr\/#website\"},\"datePublished\":\"2021-08-12T08:26:14+00:00\",\"dateModified\":\"2021-08-12T08:33:32+00:00\",\"breadcrumb\":{\"@id\":\"https:\/\/dentelli.hr\/it\/servizi\/#breadcrumb\"},\"inLanguage\":\"it-IT\",\"potentialAction\":[{\"@type\":\"ReadAction\",\"target\":[\"https:\/\/dentelli.hr\/it\/servizi\/\"]}]},{\"@type\":\"BreadcrumbList\",\"@id\":\"https:\/\/dentelli.hr\/it\/servizi\/#breadcrumb\",\"itemListElement\":[{\"@type\":\"ListItem\",\"position\":1,\"name\":\"Home\",\"item\":\"https:\/\/dentelli.hr\/it\/\"},{\"@type\":\"ListItem\",\"position\":2,\"name\":\"Servizi\"}]},{\"@type\":\"WebSite\",\"@id\":\"https:\/\/dentelli.hr\/#website\",\"url\":\"https:\/\/dentelli.hr\/\",\"name\":\"Dentelli* - KLINIKA ZA DENTALNU MEDICINU\",\"description\":\"KLINIKA ZA DENTALNU MEDICINU\",\"publisher\":{\"@id\":\"https:\/\/dentelli.hr\/#organization\"},\"potentialAction\":[{\"@type\":\"SearchAction\",\"target\":{\"@type\":\"EntryPoint\",\"urlTemplate\":\"https:\/\/dentelli.hr\/?s={search_term_string}\"},\"query-input\":\"required name=search_term_string\"}],\"inLanguage\":\"it-IT\"},{\"@type\":\"Organization\",\"@id\":\"https:\/\/dentelli.hr\/#organization\",\"name\":\"DENTELLI - KLINIKA ZA DENTALNU MEDICINU\",\"url\":\"https:\/\/dentelli.hr\/\",\"logo\":{\"@type\":\"ImageObject\",\"inLanguage\":\"it-IT\",\"@id\":\"https:\/\/dentelli.hr\/#\/schema\/logo\/image\/\",\"url\":\"https:\/\/dentelli.hr\/wp-content\/uploads\/2019\/07\/dentelli_logo-2.png\",\"contentUrl\":\"https:\/\/dentelli.hr\/wp-content\/uploads\/2019\/07\/dentelli_logo-2.png\",\"width\":181,\"height\":52,\"caption\":\"DENTELLI - KLINIKA ZA DENTALNU MEDICINU\"},\"image\":{\"@id\":\"https:\/\/dentelli.hr\/#\/schema\/logo\/image\/\"},\"sameAs\":[\"https:\/\/www.facebook.com\/dentelli.split\/\",\"https:\/\/twitter.com\/dentellic\",\"https:\/\/www.instagram.com\/dentelli.split\/\",\"https:\/\/www.youtube.com\/channel\/UC_o4suAMvCWhJOCmrbyKKiA\"]}]}<\/script>\n<!-- \/ Yoast SEO plugin. -->","yoast_head_json":{"title":"Servizi - Dentelli* Mall of Split","robots":{"index":"index","follow":"follow","max-snippet":"max-snippet:-1","max-image-preview":"max-image-preview:large","max-video-preview":"max-video-preview:-1"},"canonical":"https:\/\/dentelli.hr\/it\/servizi\/","og_locale":"it_IT","og_type":"article","og_title":"Servizi - Dentelli* Mall of Split","og_description":"[vc_row css_animation=&#8221;&#8221; row_type=&#8221;row&#8221; use_row_as_full_screen_section=&#8221;no&#8221; type=&#8221;grid&#8221; angled_section=&#8221;no&#8221; text_align=&#8221;left&#8221; background_image_as_pattern=&#8221;without_pattern&#8221; css=&#8221;.vc_custom_1519376383102{padding-bottom: 140px !important;background-color: #ffffff !important;}&#8221; z_index=&#8221;&#8221;][vc_column offset=&#8221;vc_col-lg-4 vc_col-md-4&#8243; el_class=&#8221;disable-neg-margin-resp&#8221;][vc_empty_space height=&#8221;80px&#8221;][vc_empty_space height=&#8221;22px&#8221;][vc_empty_space height=&#8221;80px&#8221;][vc_empty_space height=&#8221;22px&#8221;][vc_empty_space height=&#8221;80px&#8221;][vc_empty_space height=&#8221;22px&#8221;][vc_empty_space height=&#8221;80px&#8221;][vc_empty_space height=&#8221;22px&#8221;][vc_empty_space height=&#8221;80px&#8221;][vc_empty_space height=&#8221;22px&#8221;][\/vc_column][vc_column offset=&#8221;vc_col-lg-4 vc_col-md-4&#8243; el_class=&#8221;disable-neg-margin-resp&#8221;][vc_empty_space height=&#8221;80px&#8221;][vc_empty_space height=&#8221;22px&#8221;][vc_empty_space height=&#8221;80px&#8221;][vc_empty_space height=&#8221;22px&#8221;][vc_empty_space height=&#8221;80px&#8221;][vc_empty_space height=&#8221;22px&#8221;][vc_empty_space height=&#8221;80px&#8221;][vc_empty_space height=&#8221;22px&#8221;][vc_empty_space height=&#8221;80px&#8221;][vc_empty_space height=&#8221;22px&#8221;][\/vc_column][vc_column offset=&#8221;vc_col-lg-4 vc_col-md-4&#8243; el_class=&#8221;disable-neg-margin-resp&#8221;][vc_empty_space height=&#8221;80px&#8221;][vc_empty_space height=&#8221;22px&#8221;][vc_empty_space...","og_url":"https:\/\/dentelli.hr\/it\/servizi\/","og_site_name":"Dentelli* Mall of Split","article_publisher":"https:\/\/www.facebook.com\/dentelli.split\/","article_modified_time":"2021-08-12T08:33:32+00:00","twitter_card":"summary_large_image","twitter_site":"@dentellic","twitter_misc":{"Tempo di lettura stimato":"3 minuti"},"schema":{"@context":"https:\/\/schema.org","@graph":[{"@type":"WebPage","@id":"https:\/\/dentelli.hr\/it\/servizi\/","url":"https:\/\/dentelli.hr\/it\/servizi\/","name":"Servizi - Dentelli* Mall of Split","isPartOf":{"@id":"https:\/\/dentelli.hr\/#website"},"datePublished":"2021-08-12T08:26:14+00:00","dateModified":"2021-08-12T08:33:32+00:00","breadcrumb":{"@id":"https:\/\/dentelli.hr\/it\/servizi\/#breadcrumb"},"inLanguage":"it-IT","potentialAction":[{"@type":"ReadAction","target":["https:\/\/dentelli.hr\/it\/servizi\/"]}]},{"@type":"BreadcrumbList","@id":"https:\/\/dentelli.hr\/it\/servizi\/#breadcrumb","itemListElement":[{"@type":"ListItem","position":1,"name":"Home","item":"https:\/\/dentelli.hr\/it\/"},{"@type":"ListItem","position":2,"name":"Servizi"}]},{"@type":"WebSite","@id":"https:\/\/dentelli.hr\/#website","url":"https:\/\/dentelli.hr\/","name":"Dentelli* - KLINIKA ZA DENTALNU MEDICINU","description":"KLINIKA ZA DENTALNU MEDICINU","publisher":{"@id":"https:\/\/dentelli.hr\/#organization"},"potentialAction":[{"@type":"SearchAction","target":{"@type":"EntryPoint","urlTemplate":"https:\/\/dentelli.hr\/?s={search_term_string}"},"query-input":"required name=search_term_string"}],"inLanguage":"it-IT"},{"@type":"Organization","@id":"https:\/\/dentelli.hr\/#organization","name":"DENTELLI - KLINIKA ZA DENTALNU MEDICINU","url":"https:\/\/dentelli.hr\/","logo":{"@type":"ImageObject","inLanguage":"it-IT","@id":"https:\/\/dentelli.hr\/#\/schema\/logo\/image\/","url":"https:\/\/dentelli.hr\/wp-content\/uploads\/2019\/07\/dentelli_logo-2.png","contentUrl":"https:\/\/dentelli.hr\/wp-content\/uploads\/2019\/07\/dentelli_logo-2.png","width":181,"height":52,"caption":"DENTELLI - KLINIKA ZA DENTALNU MEDICINU"},"image":{"@id":"https:\/\/dentelli.hr\/#\/schema\/logo\/image\/"},"sameAs":["https:\/\/www.facebook.com\/dentelli.split\/","https:\/\/twitter.com\/dentellic","https:\/\/www.instagram.com\/dentelli.split\/","https:\/\/www.youtube.com\/channel\/UC_o4suAMvCWhJOCmrbyKKiA"]}]}},"_links":{"self":[{"href":"https:\/\/dentelli.hr\/it\/wp-json\/wp\/v2\/pages\/1183"}],"collection":[{"href":"https:\/\/dentelli.hr\/it\/wp-json\/wp\/v2\/pages"}],"about":[{"href":"https:\/\/dentelli.hr\/it\/wp-json\/wp\/v2\/types\/page"}],"author":[{"embeddable":true,"href":"https:\/\/dentelli.hr\/it\/wp-json\/wp\/v2\/users\/1"}],"replies":[{"embeddable":true,"href":"https:\/\/dentelli.hr\/it\/wp-json\/wp\/v2\/comments?post=1183"}],"version-history":[{"count":5,"href":"https:\/\/dentelli.hr\/it\/wp-json\/wp\/v2\/pages\/1183\/revisions"}],"predecessor-version":[{"id":1238,"href":"https:\/\/dentelli.hr\/it\/wp-json\/wp\/v2\/pages\/1183\/revisions\/1238"}],"wp:attachment":[{"href":"https:\/\/dentelli.hr\/it\/wp-json\/wp\/v2\/media?parent=1183"}],"curies":[{"name":"wp","href":"https:\/\/api.w.org\/{rel}","templated":true}]}}